{"id":316,"date":"2026-03-16T10:40:44","date_gmt":"2026-03-16T10:40:44","guid":{"rendered":"https:\/\/grandeur-authentique.com\/?post_type=product&#038;p=316"},"modified":"2026-03-16T10:42:15","modified_gmt":"2026-03-16T10:42:15","slug":"hadara-de-khalis","status":"publish","type":"product","link":"https:\/\/grandeur-authentique.com\/fr\/produit\/hadara-de-khalis\/","title":{"rendered":"HADARA DE KHALIS"},"content":{"rendered":"<p>Le parfum HADARA DE KHALIS est un parfum unisexe raffin\u00e9 qui exhale une \u00e9l\u00e9gance discr\u00e8te, laissant une impression subtile mais durable<\/p>","protected":false},"excerpt":{"rendered":"<p>Le parfum HADARA DE KHALIS est un parfum unisexe raffin\u00e9 qui exhale une \u00e9l\u00e9gance discr\u00e8te, laissant une impression subtile mais durable<\/p>","protected":false},"featured_media":325,"comment_status":"open","ping_status":"closed","template":"","meta":[],"product_brand":[],"product_cat":[70],"product_tag":[],"class_list":{"0":"post-316","1":"product","2":"type-product","3":"status-publish","4":"has-post-thumbnail","6":"product_cat-parfums","8":"first","9":"instock","10":"shipping-taxable","11":"purchasable","12":"product-type-simple"},"_links":{"self":[{"href":"https:\/\/grandeur-authentique.com\/fr\/wp-json\/wp\/v2\/product\/316","targetHints":{"allow":["GET"]}}],"collection":[{"href":"https:\/\/grandeur-authentique.com\/fr\/wp-json\/wp\/v2\/product"}],"about":[{"href":"https:\/\/grandeur-authentique.com\/fr\/wp-json\/wp\/v2\/types\/product"}],"replies":[{"embeddable":true,"href":"https:\/\/grandeur-authentique.com\/fr\/wp-json\/wp\/v2\/comments?post=316"}],"wp:featuredmedia":[{"embeddable":true,"href":"https:\/\/grandeur-authentique.com\/fr\/wp-json\/wp\/v2\/media\/325"}],"wp:attachment":[{"href":"https:\/\/grandeur-authentique.com\/fr\/wp-json\/wp\/v2\/media?parent=316"}],"wp:term":[{"taxonomy":"product_brand","embeddable":true,"href":"https:\/\/grandeur-authentique.com\/fr\/wp-json\/wp\/v2\/product_brand?post=316"},{"taxonomy":"product_cat","embeddable":true,"href":"https:\/\/grandeur-authentique.com\/fr\/wp-json\/wp\/v2\/product_cat?post=316"},{"taxonomy":"product_tag","embeddable":true,"href":"https:\/\/grandeur-authentique.com\/fr\/wp-json\/wp\/v2\/product_tag?post=316"}],"curies":[{"name":"wp","href":"https:\/\/api.w.org\/{rel}","templated":true}]}}