{"id":317,"date":"2026-03-16T11:02:59","date_gmt":"2026-03-16T11:02:59","guid":{"rendered":"https:\/\/grandeur-authentique.com\/?post_type=product&#038;p=317"},"modified":"2026-03-16T11:02:59","modified_gmt":"2026-03-16T11:02:59","slug":"turath-de-khalis","status":"publish","type":"product","link":"https:\/\/grandeur-authentique.com\/fr\/produit\/turath-de-khalis\/","title":{"rendered":"TURATH DE KHALIS"},"content":{"rendered":"<p>TURATH DE KHALIS est un parfum bois\u00e9 aromatique raffin\u00e9, m\u00ealant des notes de t\u00eate \u00e9pic\u00e9es \u00e0 un c\u0153ur riche et \u00e0 un fond chaud et ambr\u00e9. TURATH est une eau de parfum sophistiqu\u00e9e pour homme incarnant l&#8217;\u00e9l\u00e9gance et la profondeur<\/p>","protected":false},"excerpt":{"rendered":"<p>TURATH DE KHALIS est un parfum bois\u00e9 aromatique raffin\u00e9, m\u00ealant des notes de t\u00eate \u00e9pic\u00e9es \u00e0 un c\u0153ur riche et \u00e0 un fond chaud et ambr\u00e9. TURATH est une eau de parfum sophistiqu\u00e9e pour homme incarnant l&#8217;\u00e9l\u00e9gance et la profondeur<\/p>","protected":false},"featured_media":334,"comment_status":"open","ping_status":"closed","template":"","meta":[],"product_brand":[],"product_cat":[16],"product_tag":[],"class_list":{"0":"post-317","1":"product","2":"type-product","3":"status-publish","4":"has-post-thumbnail","6":"product_cat-articles","8":"first","9":"instock","10":"shipping-taxable","11":"purchasable","12":"product-type-simple"},"_links":{"self":[{"href":"https:\/\/grandeur-authentique.com\/fr\/wp-json\/wp\/v2\/product\/317","targetHints":{"allow":["GET"]}}],"collection":[{"href":"https:\/\/grandeur-authentique.com\/fr\/wp-json\/wp\/v2\/product"}],"about":[{"href":"https:\/\/grandeur-authentique.com\/fr\/wp-json\/wp\/v2\/types\/product"}],"replies":[{"embeddable":true,"href":"https:\/\/grandeur-authentique.com\/fr\/wp-json\/wp\/v2\/comments?post=317"}],"wp:featuredmedia":[{"embeddable":true,"href":"https:\/\/grandeur-authentique.com\/fr\/wp-json\/wp\/v2\/media\/334"}],"wp:attachment":[{"href":"https:\/\/grandeur-authentique.com\/fr\/wp-json\/wp\/v2\/media?parent=317"}],"wp:term":[{"taxonomy":"product_brand","embeddable":true,"href":"https:\/\/grandeur-authentique.com\/fr\/wp-json\/wp\/v2\/product_brand?post=317"},{"taxonomy":"product_cat","embeddable":true,"href":"https:\/\/grandeur-authentique.com\/fr\/wp-json\/wp\/v2\/product_cat?post=317"},{"taxonomy":"product_tag","embeddable":true,"href":"https:\/\/grandeur-authentique.com\/fr\/wp-json\/wp\/v2\/product_tag?post=317"}],"curies":[{"name":"wp","href":"https:\/\/api.w.org\/{rel}","templated":true}]}}