{"id":319,"date":"2026-03-16T11:33:53","date_gmt":"2026-03-16T11:33:53","guid":{"rendered":"https:\/\/grandeur-authentique.com\/?post_type=product&#038;p=319"},"modified":"2026-03-16T11:33:53","modified_gmt":"2026-03-16T11:33:53","slug":"hala-de-khalis-perfumes","status":"publish","type":"product","link":"https:\/\/grandeur-authentique.com\/fr\/produit\/hala-de-khalis-perfumes\/","title":{"rendered":"HALA DE KHALIS PERFUMES"},"content":{"rendered":"<p>HALA DE KHALIS PERFUMES est un parfum pour femme qui m\u00eale harmonieusement des notes sucr\u00e9es , fruit\u00e9es et musqu\u00e9es , offrant un sillage captivant et \u00e9l\u00e9gant. <span class=\"Apple-converted-space\">\u00a0<\/span><\/p>","protected":false},"excerpt":{"rendered":"<p>HALA DE KHALIS PERFUMES est un parfum pour femme qui m\u00eale harmonieusement des notes sucr\u00e9es , fruit\u00e9es et musqu\u00e9es , offrant un sillage captivant et \u00e9l\u00e9gant. <span class=\"Apple-converted-space\">\u00a0<\/span><\/p>","protected":false},"featured_media":332,"comment_status":"open","ping_status":"closed","template":"","meta":[],"product_brand":[],"product_cat":[16],"product_tag":[],"class_list":{"0":"post-319","1":"product","2":"type-product","3":"status-publish","4":"has-post-thumbnail","6":"product_cat-articles","8":"first","9":"instock","10":"shipping-taxable","11":"purchasable","12":"product-type-simple"},"_links":{"self":[{"href":"https:\/\/grandeur-authentique.com\/fr\/wp-json\/wp\/v2\/product\/319","targetHints":{"allow":["GET"]}}],"collection":[{"href":"https:\/\/grandeur-authentique.com\/fr\/wp-json\/wp\/v2\/product"}],"about":[{"href":"https:\/\/grandeur-authentique.com\/fr\/wp-json\/wp\/v2\/types\/product"}],"replies":[{"embeddable":true,"href":"https:\/\/grandeur-authentique.com\/fr\/wp-json\/wp\/v2\/comments?post=319"}],"wp:featuredmedia":[{"embeddable":true,"href":"https:\/\/grandeur-authentique.com\/fr\/wp-json\/wp\/v2\/media\/332"}],"wp:attachment":[{"href":"https:\/\/grandeur-authentique.com\/fr\/wp-json\/wp\/v2\/media?parent=319"}],"wp:term":[{"taxonomy":"product_brand","embeddable":true,"href":"https:\/\/grandeur-authentique.com\/fr\/wp-json\/wp\/v2\/product_brand?post=319"},{"taxonomy":"product_cat","embeddable":true,"href":"https:\/\/grandeur-authentique.com\/fr\/wp-json\/wp\/v2\/product_cat?post=319"},{"taxonomy":"product_tag","embeddable":true,"href":"https:\/\/grandeur-authentique.com\/fr\/wp-json\/wp\/v2\/product_tag?post=319"}],"curies":[{"name":"wp","href":"https:\/\/api.w.org\/{rel}","templated":true}]}}