{"id":321,"date":"2026-03-16T11:37:22","date_gmt":"2026-03-16T11:37:22","guid":{"rendered":"https:\/\/grandeur-authentique.com\/?post_type=product&#038;p=321"},"modified":"2026-03-16T12:18:58","modified_gmt":"2026-03-16T12:18:58","slug":"atheer-de-khalis-perfumesatheer-de-khalis-perfumes-est-un-parfum-luxueux-pour-hommes-qui-mele-des-agrumes-frais-des-notes-florales-delicates-et-des-bois-chauds-offrant-un-sillage-captivant-et-eleg","status":"publish","type":"product","link":"https:\/\/grandeur-authentique.com\/fr\/produit\/atheer-de-khalis-perfumesatheer-de-khalis-perfumes-est-un-parfum-luxueux-pour-hommes-qui-mele-des-agrumes-frais-des-notes-florales-delicates-et-des-bois-chauds-offrant-un-sillage-captivant-et-eleg\/","title":{"rendered":"ATHEER DE KHALIS PERFUMES"},"content":{"rendered":"<p>ATHEER DE KHALIS PERFUMES est un parfum luxueux pour hommes qui m\u00eale des agrumes frais , des notes florales d\u00e9licates et des bois chauds , offrant un sillage captivant et \u00e9l\u00e9gant.<span class=\"Apple-converted-space\">\u00a0<\/span><\/p>","protected":false},"excerpt":{"rendered":"<p>ATHEER DE KHALIS PERFUMES est un parfum luxueux pour hommes qui m\u00eale des agrumes frais , des notes florales d\u00e9licates et des bois chauds , offrant un sillage captivant et \u00e9l\u00e9gant.<span class=\"Apple-converted-space\">\u00a0<\/span><\/p>","protected":false},"featured_media":331,"comment_status":"open","ping_status":"closed","template":"","meta":[],"product_brand":[],"product_cat":[16],"product_tag":[73],"class_list":{"0":"post-321","1":"product","2":"type-product","3":"status-publish","4":"has-post-thumbnail","6":"product_cat-articles","7":"product_tag-parfums","9":"first","10":"instock","11":"shipping-taxable","12":"purchasable","13":"product-type-simple"},"_links":{"self":[{"href":"https:\/\/grandeur-authentique.com\/fr\/wp-json\/wp\/v2\/product\/321","targetHints":{"allow":["GET"]}}],"collection":[{"href":"https:\/\/grandeur-authentique.com\/fr\/wp-json\/wp\/v2\/product"}],"about":[{"href":"https:\/\/grandeur-authentique.com\/fr\/wp-json\/wp\/v2\/types\/product"}],"replies":[{"embeddable":true,"href":"https:\/\/grandeur-authentique.com\/fr\/wp-json\/wp\/v2\/comments?post=321"}],"wp:featuredmedia":[{"embeddable":true,"href":"https:\/\/grandeur-authentique.com\/fr\/wp-json\/wp\/v2\/media\/331"}],"wp:attachment":[{"href":"https:\/\/grandeur-authentique.com\/fr\/wp-json\/wp\/v2\/media?parent=321"}],"wp:term":[{"taxonomy":"product_brand","embeddable":true,"href":"https:\/\/grandeur-authentique.com\/fr\/wp-json\/wp\/v2\/product_brand?post=321"},{"taxonomy":"product_cat","embeddable":true,"href":"https:\/\/grandeur-authentique.com\/fr\/wp-json\/wp\/v2\/product_cat?post=321"},{"taxonomy":"product_tag","embeddable":true,"href":"https:\/\/grandeur-authentique.com\/fr\/wp-json\/wp\/v2\/product_tag?post=321"}],"curies":[{"name":"wp","href":"https:\/\/api.w.org\/{rel}","templated":true}]}}