{"id":339,"date":"2026-03-16T12:51:52","date_gmt":"2026-03-16T12:51:52","guid":{"rendered":"https:\/\/grandeur-authentique.com\/?post_type=product&#038;p=339"},"modified":"2026-03-16T12:51:52","modified_gmt":"2026-03-16T12:51:52","slug":"weam-de-khalis","status":"publish","type":"product","link":"https:\/\/grandeur-authentique.com\/fr\/produit\/weam-de-khalis\/","title":{"rendered":"WEAM DE KHALIS"},"content":{"rendered":"<p>WEAM DE KHALIS est un parfum bois\u00e9 aromatique raffin\u00e9 pour homme , m\u00ealant des agrumes frais , des herbes \u00e9pic\u00e9es et de l&#8217;ambre chaud pour cr\u00e9er un parfum envo\u00fbtant.<span class=\"Apple-converted-space\">\u00a0<\/span><\/p>","protected":false},"excerpt":{"rendered":"<p>WEAM DE KHALIS est un parfum bois\u00e9 aromatique raffin\u00e9 pour homme , m\u00ealant des agrumes frais , des herbes \u00e9pic\u00e9es et de l&#8217;ambre chaud pour cr\u00e9er un parfum envo\u00fbtant.<span class=\"Apple-converted-space\">\u00a0<\/span><\/p>","protected":false},"featured_media":365,"comment_status":"open","ping_status":"closed","template":"","meta":[],"product_brand":[],"product_cat":[70],"product_tag":[73],"class_list":{"0":"post-339","1":"product","2":"type-product","3":"status-publish","4":"has-post-thumbnail","6":"product_cat-parfums","7":"product_tag-parfums","9":"first","10":"instock","11":"shipping-taxable","12":"purchasable","13":"product-type-simple"},"_links":{"self":[{"href":"https:\/\/grandeur-authentique.com\/fr\/wp-json\/wp\/v2\/product\/339","targetHints":{"allow":["GET"]}}],"collection":[{"href":"https:\/\/grandeur-authentique.com\/fr\/wp-json\/wp\/v2\/product"}],"about":[{"href":"https:\/\/grandeur-authentique.com\/fr\/wp-json\/wp\/v2\/types\/product"}],"replies":[{"embeddable":true,"href":"https:\/\/grandeur-authentique.com\/fr\/wp-json\/wp\/v2\/comments?post=339"}],"wp:featuredmedia":[{"embeddable":true,"href":"https:\/\/grandeur-authentique.com\/fr\/wp-json\/wp\/v2\/media\/365"}],"wp:attachment":[{"href":"https:\/\/grandeur-authentique.com\/fr\/wp-json\/wp\/v2\/media?parent=339"}],"wp:term":[{"taxonomy":"product_brand","embeddable":true,"href":"https:\/\/grandeur-authentique.com\/fr\/wp-json\/wp\/v2\/product_brand?post=339"},{"taxonomy":"product_cat","embeddable":true,"href":"https:\/\/grandeur-authentique.com\/fr\/wp-json\/wp\/v2\/product_cat?post=339"},{"taxonomy":"product_tag","embeddable":true,"href":"https:\/\/grandeur-authentique.com\/fr\/wp-json\/wp\/v2\/product_tag?post=339"}],"curies":[{"name":"wp","href":"https:\/\/api.w.org\/{rel}","templated":true}]}}