{"id":341,"date":"2026-03-16T12:56:03","date_gmt":"2026-03-16T12:56:03","guid":{"rendered":"https:\/\/grandeur-authentique.com\/?post_type=product&#038;p=341"},"modified":"2026-03-16T12:56:03","modified_gmt":"2026-03-16T12:56:03","slug":"detour-noir-intense-de-al-haramain","status":"publish","type":"product","link":"https:\/\/grandeur-authentique.com\/fr\/produit\/detour-noir-intense-de-al-haramain\/","title":{"rendered":"D\u00c9TOUR NOIR INTENSE DE AL HARAMAIN"},"content":{"rendered":"<p>D\u00c9TOUR NOIR INTENSE DE AL HARAMAIN est un parfum oriental bois\u00e9 mixte. Le parfum \u00e9volue vers une combinaison de vanille douce<span class=\"Apple-converted-space\">\u00a0<\/span><\/p>","protected":false},"excerpt":{"rendered":"<p>D\u00c9TOUR NOIR INTENSE DE AL HARAMAIN est un parfum oriental bois\u00e9 mixte. Le parfum \u00e9volue vers une combinaison de vanille douce<span class=\"Apple-converted-space\">\u00a0<\/span><\/p>","protected":false},"featured_media":367,"comment_status":"open","ping_status":"closed","template":"","meta":[],"product_brand":[],"product_cat":[70],"product_tag":[73],"class_list":{"0":"post-341","1":"product","2":"type-product","3":"status-publish","4":"has-post-thumbnail","6":"product_cat-parfums","7":"product_tag-parfums","9":"first","10":"instock","11":"shipping-taxable","12":"purchasable","13":"product-type-simple"},"_links":{"self":[{"href":"https:\/\/grandeur-authentique.com\/fr\/wp-json\/wp\/v2\/product\/341","targetHints":{"allow":["GET"]}}],"collection":[{"href":"https:\/\/grandeur-authentique.com\/fr\/wp-json\/wp\/v2\/product"}],"about":[{"href":"https:\/\/grandeur-authentique.com\/fr\/wp-json\/wp\/v2\/types\/product"}],"replies":[{"embeddable":true,"href":"https:\/\/grandeur-authentique.com\/fr\/wp-json\/wp\/v2\/comments?post=341"}],"wp:featuredmedia":[{"embeddable":true,"href":"https:\/\/grandeur-authentique.com\/fr\/wp-json\/wp\/v2\/media\/367"}],"wp:attachment":[{"href":"https:\/\/grandeur-authentique.com\/fr\/wp-json\/wp\/v2\/media?parent=341"}],"wp:term":[{"taxonomy":"product_brand","embeddable":true,"href":"https:\/\/grandeur-authentique.com\/fr\/wp-json\/wp\/v2\/product_brand?post=341"},{"taxonomy":"product_cat","embeddable":true,"href":"https:\/\/grandeur-authentique.com\/fr\/wp-json\/wp\/v2\/product_cat?post=341"},{"taxonomy":"product_tag","embeddable":true,"href":"https:\/\/grandeur-authentique.com\/fr\/wp-json\/wp\/v2\/product_tag?post=341"}],"curies":[{"name":"wp","href":"https:\/\/api.w.org\/{rel}","templated":true}]}}