{"id":342,"date":"2026-03-16T12:57:52","date_gmt":"2026-03-16T12:57:52","guid":{"rendered":"https:\/\/grandeur-authentique.com\/?post_type=product&#038;p=342"},"modified":"2026-03-16T12:57:52","modified_gmt":"2026-03-16T12:57:52","slug":"al-haramain","status":"publish","type":"product","link":"https:\/\/grandeur-authentique.com\/fr\/produit\/al-haramain\/","title":{"rendered":"AL HARAMAIN"},"content":{"rendered":"<p>Le spray intense Signature pour homme d&#8217;Al Haramain<span class=\"Apple-converted-space\">\u00a0 <\/span>offre un parfum exceptionnel et parfaitement \u00e9quilibr\u00e9, r\u00e9pondant aux attentes de<span class=\"Apple-converted-space\">\u00a0 <\/span>ceux qui recherchent plus qu&#8217;un simple parfum.<\/p>","protected":false},"excerpt":{"rendered":"<p>Le spray intense Signature pour homme d&#8217;Al Haramain<span class=\"Apple-converted-space\">\u00a0 <\/span>offre un parfum exceptionnel et parfaitement \u00e9quilibr\u00e9, r\u00e9pondant aux attentes de<span class=\"Apple-converted-space\">\u00a0 <\/span>ceux qui recherchent plus qu&#8217;un simple parfum.<\/p>","protected":false},"featured_media":368,"comment_status":"open","ping_status":"closed","template":"","meta":[],"product_brand":[],"product_cat":[70],"product_tag":[73],"class_list":{"0":"post-342","1":"product","2":"type-product","3":"status-publish","4":"has-post-thumbnail","6":"product_cat-parfums","7":"product_tag-parfums","9":"first","10":"instock","11":"shipping-taxable","12":"purchasable","13":"product-type-simple"},"_links":{"self":[{"href":"https:\/\/grandeur-authentique.com\/fr\/wp-json\/wp\/v2\/product\/342","targetHints":{"allow":["GET"]}}],"collection":[{"href":"https:\/\/grandeur-authentique.com\/fr\/wp-json\/wp\/v2\/product"}],"about":[{"href":"https:\/\/grandeur-authentique.com\/fr\/wp-json\/wp\/v2\/types\/product"}],"replies":[{"embeddable":true,"href":"https:\/\/grandeur-authentique.com\/fr\/wp-json\/wp\/v2\/comments?post=342"}],"wp:featuredmedia":[{"embeddable":true,"href":"https:\/\/grandeur-authentique.com\/fr\/wp-json\/wp\/v2\/media\/368"}],"wp:attachment":[{"href":"https:\/\/grandeur-authentique.com\/fr\/wp-json\/wp\/v2\/media?parent=342"}],"wp:term":[{"taxonomy":"product_brand","embeddable":true,"href":"https:\/\/grandeur-authentique.com\/fr\/wp-json\/wp\/v2\/product_brand?post=342"},{"taxonomy":"product_cat","embeddable":true,"href":"https:\/\/grandeur-authentique.com\/fr\/wp-json\/wp\/v2\/product_cat?post=342"},{"taxonomy":"product_tag","embeddable":true,"href":"https:\/\/grandeur-authentique.com\/fr\/wp-json\/wp\/v2\/product_tag?post=342"}],"curies":[{"name":"wp","href":"https:\/\/api.w.org\/{rel}","templated":true}]}}