{"id":344,"date":"2026-03-16T13:15:49","date_gmt":"2026-03-16T13:15:49","guid":{"rendered":"https:\/\/grandeur-authentique.com\/?post_type=product&#038;p=344"},"modified":"2026-03-16T13:15:50","modified_gmt":"2026-03-16T13:15:50","slug":"haramain-signature-red","status":"publish","type":"product","link":"https:\/\/grandeur-authentique.com\/fr\/produit\/haramain-signature-red\/","title":{"rendered":"HARAMAIN SIGNATURE RED"},"content":{"rendered":"<p>Haramain Signature Red est un parfum cr\u00e9\u00e9 pour les femmes audacieuses et sophistiqu\u00e9es. Son sillage s&#8217;ouvre sur un accord rafra\u00eechissant de bergamote, de mandarine et de notes vertes, offrant un d\u00e9part vibrant.<span class=\"Apple-converted-space\">\u00a0<\/span><\/p>","protected":false},"excerpt":{"rendered":"<p>Haramain Signature Red est un parfum cr\u00e9\u00e9 pour les femmes audacieuses et sophistiqu\u00e9es. Son sillage s&#8217;ouvre sur un accord rafra\u00eechissant de bergamote, de mandarine et de notes vertes, offrant un d\u00e9part vibrant.<span class=\"Apple-converted-space\">\u00a0<\/span><\/p>","protected":false},"featured_media":0,"comment_status":"open","ping_status":"closed","template":"","meta":[],"product_brand":[],"product_cat":[70],"product_tag":[73],"class_list":{"0":"post-344","1":"product","2":"type-product","3":"status-publish","5":"product_cat-parfums","6":"product_tag-parfums","8":"first","9":"instock","10":"shipping-taxable","11":"purchasable","12":"product-type-simple"},"_links":{"self":[{"href":"https:\/\/grandeur-authentique.com\/fr\/wp-json\/wp\/v2\/product\/344","targetHints":{"allow":["GET"]}}],"collection":[{"href":"https:\/\/grandeur-authentique.com\/fr\/wp-json\/wp\/v2\/product"}],"about":[{"href":"https:\/\/grandeur-authentique.com\/fr\/wp-json\/wp\/v2\/types\/product"}],"replies":[{"embeddable":true,"href":"https:\/\/grandeur-authentique.com\/fr\/wp-json\/wp\/v2\/comments?post=344"}],"wp:attachment":[{"href":"https:\/\/grandeur-authentique.com\/fr\/wp-json\/wp\/v2\/media?parent=344"}],"wp:term":[{"taxonomy":"product_brand","embeddable":true,"href":"https:\/\/grandeur-authentique.com\/fr\/wp-json\/wp\/v2\/product_brand?post=344"},{"taxonomy":"product_cat","embeddable":true,"href":"https:\/\/grandeur-authentique.com\/fr\/wp-json\/wp\/v2\/product_cat?post=344"},{"taxonomy":"product_tag","embeddable":true,"href":"https:\/\/grandeur-authentique.com\/fr\/wp-json\/wp\/v2\/product_tag?post=344"}],"curies":[{"name":"wp","href":"https:\/\/api.w.org\/{rel}","templated":true}]}}