{"id":345,"date":"2026-03-16T13:17:22","date_gmt":"2026-03-16T13:17:22","guid":{"rendered":"https:\/\/grandeur-authentique.com\/?post_type=product&#038;p=345"},"modified":"2026-03-16T13:17:23","modified_gmt":"2026-03-16T13:17:23","slug":"haramain-signature-blue","status":"publish","type":"product","link":"https:\/\/grandeur-authentique.com\/fr\/produit\/haramain-signature-blue\/","title":{"rendered":"HARAMAIN SIGNATURE BLUE"},"content":{"rendered":"<p>Haramain Signature Blue est un parfum vibrant et rafra\u00eechissant qui capture l&#8217;essence de l&#8217;aventure. Ses notes de t\u00eate zest\u00e9es d&#8217;\u00e9l\u00e9mi, de citron, de bergamote, de pamplemousse, de feuilles vertes et d&#8217;orange am\u00e8re offrent une introduction \u00e9nergisante et vivifiante. En son c\u0153ur, le g\u00e9ranium apporte une subtile complexit\u00e9 florale, alliant fra\u00eecheur et \u00e9l\u00e9gance.<\/p>","protected":false},"excerpt":{"rendered":"<p>Haramain Signature Blue est un parfum vibrant et rafra\u00eechissant qui capture l&#8217;essence de l&#8217;aventure. Ses notes de t\u00eate zest\u00e9es d&#8217;\u00e9l\u00e9mi, de citron, de bergamote, de pamplemousse, de feuilles vertes et d&#8217;orange am\u00e8re offrent une introduction \u00e9nergisante et vivifiante. En son c\u0153ur, le g\u00e9ranium apporte une subtile complexit\u00e9 florale, alliant fra\u00eecheur et \u00e9l\u00e9gance.<\/p>","protected":false},"featured_media":0,"comment_status":"open","ping_status":"closed","template":"","meta":[],"product_brand":[],"product_cat":[70],"product_tag":[73],"class_list":{"0":"post-345","1":"product","2":"type-product","3":"status-publish","5":"product_cat-parfums","6":"product_tag-parfums","8":"first","9":"instock","10":"shipping-taxable","11":"purchasable","12":"product-type-simple"},"_links":{"self":[{"href":"https:\/\/grandeur-authentique.com\/fr\/wp-json\/wp\/v2\/product\/345","targetHints":{"allow":["GET"]}}],"collection":[{"href":"https:\/\/grandeur-authentique.com\/fr\/wp-json\/wp\/v2\/product"}],"about":[{"href":"https:\/\/grandeur-authentique.com\/fr\/wp-json\/wp\/v2\/types\/product"}],"replies":[{"embeddable":true,"href":"https:\/\/grandeur-authentique.com\/fr\/wp-json\/wp\/v2\/comments?post=345"}],"wp:attachment":[{"href":"https:\/\/grandeur-authentique.com\/fr\/wp-json\/wp\/v2\/media?parent=345"}],"wp:term":[{"taxonomy":"product_brand","embeddable":true,"href":"https:\/\/grandeur-authentique.com\/fr\/wp-json\/wp\/v2\/product_brand?post=345"},{"taxonomy":"product_cat","embeddable":true,"href":"https:\/\/grandeur-authentique.com\/fr\/wp-json\/wp\/v2\/product_cat?post=345"},{"taxonomy":"product_tag","embeddable":true,"href":"https:\/\/grandeur-authentique.com\/fr\/wp-json\/wp\/v2\/product_tag?post=345"}],"curies":[{"name":"wp","href":"https:\/\/api.w.org\/{rel}","templated":true}]}}