{"id":347,"date":"2026-03-16T20:55:15","date_gmt":"2026-03-16T20:55:15","guid":{"rendered":"https:\/\/grandeur-authentique.com\/?post_type=product&#038;p=347"},"modified":"2026-03-16T20:55:15","modified_gmt":"2026-03-16T20:55:15","slug":"le-prestige-royal-edp","status":"publish","type":"product","link":"https:\/\/grandeur-authentique.com\/fr\/produit\/le-prestige-royal-edp\/","title":{"rendered":"LE PRESTIGE ROYAL EDP"},"content":{"rendered":"<p>Le Prestige Royal Edp est<span class=\"Apple-converted-space\">\u00a0 <\/span>une fragrance captivante ambr\u00e9e et bois\u00e9e pour homme. La bergamote, le jasmin et l&#8217;ambre cr\u00e9ent un parfum \u00e9l\u00e9gant et durable .<\/p>","protected":false},"excerpt":{"rendered":"<p>Le Prestige Royal Edp est<span class=\"Apple-converted-space\">\u00a0 <\/span>une fragrance captivante ambr\u00e9e et bois\u00e9e pour homme. La bergamote, le jasmin et l&#8217;ambre cr\u00e9ent un parfum \u00e9l\u00e9gant et durable .<\/p>","protected":false},"featured_media":373,"comment_status":"open","ping_status":"closed","template":"","meta":[],"product_brand":[],"product_cat":[70],"product_tag":[],"class_list":{"0":"post-347","1":"product","2":"type-product","3":"status-publish","4":"has-post-thumbnail","6":"product_cat-parfums","8":"first","9":"instock","10":"shipping-taxable","11":"purchasable","12":"product-type-simple"},"_links":{"self":[{"href":"https:\/\/grandeur-authentique.com\/fr\/wp-json\/wp\/v2\/product\/347","targetHints":{"allow":["GET"]}}],"collection":[{"href":"https:\/\/grandeur-authentique.com\/fr\/wp-json\/wp\/v2\/product"}],"about":[{"href":"https:\/\/grandeur-authentique.com\/fr\/wp-json\/wp\/v2\/types\/product"}],"replies":[{"embeddable":true,"href":"https:\/\/grandeur-authentique.com\/fr\/wp-json\/wp\/v2\/comments?post=347"}],"wp:featuredmedia":[{"embeddable":true,"href":"https:\/\/grandeur-authentique.com\/fr\/wp-json\/wp\/v2\/media\/373"}],"wp:attachment":[{"href":"https:\/\/grandeur-authentique.com\/fr\/wp-json\/wp\/v2\/media?parent=347"}],"wp:term":[{"taxonomy":"product_brand","embeddable":true,"href":"https:\/\/grandeur-authentique.com\/fr\/wp-json\/wp\/v2\/product_brand?post=347"},{"taxonomy":"product_cat","embeddable":true,"href":"https:\/\/grandeur-authentique.com\/fr\/wp-json\/wp\/v2\/product_cat?post=347"},{"taxonomy":"product_tag","embeddable":true,"href":"https:\/\/grandeur-authentique.com\/fr\/wp-json\/wp\/v2\/product_tag?post=347"}],"curies":[{"name":"wp","href":"https:\/\/api.w.org\/{rel}","templated":true}]}}