{"id":375,"date":"2026-03-16T20:58:36","date_gmt":"2026-03-16T20:58:36","guid":{"rendered":"https:\/\/grandeur-authentique.com\/?post_type=product&#038;p=375"},"modified":"2026-03-16T20:58:36","modified_gmt":"2026-03-16T20:58:36","slug":"nuhq-de-khadlaj","status":"publish","type":"product","link":"https:\/\/grandeur-authentique.com\/fr\/produit\/nuhq-de-khadlaj\/","title":{"rendered":"NUHQ DE KHADLAJ"},"content":{"rendered":"<p>Nuha de khadlaj est un parfum sp\u00e9cial con\u00e7u pour les femmes.<span class=\"Apple-converted-space\">\u00a0<\/span><\/p>\n<p>S&#8217;ouvrant sur un m\u00e9lange s\u00e9duisant de pomme juteuse et de noix de coco cr\u00e9meuse, Nuha \u00e9veille vos sens avec une senteur fra\u00eeche et tropicale qui captive.<span class=\"Apple-converted-space\">\u00a0<\/span><\/p>","protected":false},"excerpt":{"rendered":"<p>Nuha de khadlaj est un parfum sp\u00e9cial con\u00e7u pour les femmes.<span class=\"Apple-converted-space\">\u00a0<\/span><\/p>\n<p>S&#8217;ouvrant sur un m\u00e9lange s\u00e9duisant de pomme juteuse et de noix de coco cr\u00e9meuse, Nuha \u00e9veille vos sens avec une senteur fra\u00eeche et tropicale qui captive.<span class=\"Apple-converted-space\">\u00a0<\/span><\/p>","protected":false},"featured_media":380,"comment_status":"open","ping_status":"closed","template":"","meta":[],"product_brand":[],"product_cat":[70],"product_tag":[73],"class_list":{"0":"post-375","1":"product","2":"type-product","3":"status-publish","4":"has-post-thumbnail","6":"product_cat-parfums","7":"product_tag-parfums","9":"first","10":"instock","11":"shipping-taxable","12":"purchasable","13":"product-type-simple"},"_links":{"self":[{"href":"https:\/\/grandeur-authentique.com\/fr\/wp-json\/wp\/v2\/product\/375","targetHints":{"allow":["GET"]}}],"collection":[{"href":"https:\/\/grandeur-authentique.com\/fr\/wp-json\/wp\/v2\/product"}],"about":[{"href":"https:\/\/grandeur-authentique.com\/fr\/wp-json\/wp\/v2\/types\/product"}],"replies":[{"embeddable":true,"href":"https:\/\/grandeur-authentique.com\/fr\/wp-json\/wp\/v2\/comments?post=375"}],"wp:featuredmedia":[{"embeddable":true,"href":"https:\/\/grandeur-authentique.com\/fr\/wp-json\/wp\/v2\/media\/380"}],"wp:attachment":[{"href":"https:\/\/grandeur-authentique.com\/fr\/wp-json\/wp\/v2\/media?parent=375"}],"wp:term":[{"taxonomy":"product_brand","embeddable":true,"href":"https:\/\/grandeur-authentique.com\/fr\/wp-json\/wp\/v2\/product_brand?post=375"},{"taxonomy":"product_cat","embeddable":true,"href":"https:\/\/grandeur-authentique.com\/fr\/wp-json\/wp\/v2\/product_cat?post=375"},{"taxonomy":"product_tag","embeddable":true,"href":"https:\/\/grandeur-authentique.com\/fr\/wp-json\/wp\/v2\/product_tag?post=375"}],"curies":[{"name":"wp","href":"https:\/\/api.w.org\/{rel}","templated":true}]}}