{"id":376,"date":"2026-03-16T21:02:35","date_gmt":"2026-03-16T21:02:35","guid":{"rendered":"https:\/\/grandeur-authentique.com\/?post_type=product&#038;p=376"},"modified":"2026-03-16T21:13:15","modified_gmt":"2026-03-16T21:13:15","slug":"khadlaj-pure-musk","status":"publish","type":"product","link":"https:\/\/grandeur-authentique.com\/fr\/produit\/khadlaj-pure-musk\/","title":{"rendered":"KHADLAJ PURE MUSK"},"content":{"rendered":"<p>Khadlaj Pure Musk est un parfum unisexe, con\u00e7u pour convenir aussi bien aux femmes qu&#8217;aux hommes. Cette fragrance se distingue par des notes de musc blanc pur, de lilas et de freesia, offrant un profil olfactif frais, poudr\u00e9 et apaisant. Elle est appr\u00e9ci\u00e9e pour sa polyvalence au quotidien.<span class=\"Apple-converted-space\">\u00a0<\/span><\/p>","protected":false},"excerpt":{"rendered":"<p>Khadlaj Pure Musk est un parfum unisexe, con\u00e7u pour convenir aussi bien aux femmes qu&#8217;aux hommes. Cette fragrance se distingue par des notes de musc blanc pur, de lilas et de freesia, offrant un profil olfactif frais, poudr\u00e9 et apaisant. Elle est appr\u00e9ci\u00e9e pour sa polyvalence au quotidien.<span class=\"Apple-converted-space\">\u00a0<\/span><\/p>","protected":false},"featured_media":388,"comment_status":"open","ping_status":"closed","template":"","meta":[],"product_brand":[],"product_cat":[70],"product_tag":[73],"class_list":{"0":"post-376","1":"product","2":"type-product","3":"status-publish","4":"has-post-thumbnail","6":"product_cat-parfums","7":"product_tag-parfums","9":"first","10":"instock","11":"shipping-taxable","12":"purchasable","13":"product-type-simple"},"_links":{"self":[{"href":"https:\/\/grandeur-authentique.com\/fr\/wp-json\/wp\/v2\/product\/376","targetHints":{"allow":["GET"]}}],"collection":[{"href":"https:\/\/grandeur-authentique.com\/fr\/wp-json\/wp\/v2\/product"}],"about":[{"href":"https:\/\/grandeur-authentique.com\/fr\/wp-json\/wp\/v2\/types\/product"}],"replies":[{"embeddable":true,"href":"https:\/\/grandeur-authentique.com\/fr\/wp-json\/wp\/v2\/comments?post=376"}],"wp:featuredmedia":[{"embeddable":true,"href":"https:\/\/grandeur-authentique.com\/fr\/wp-json\/wp\/v2\/media\/388"}],"wp:attachment":[{"href":"https:\/\/grandeur-authentique.com\/fr\/wp-json\/wp\/v2\/media?parent=376"}],"wp:term":[{"taxonomy":"product_brand","embeddable":true,"href":"https:\/\/grandeur-authentique.com\/fr\/wp-json\/wp\/v2\/product_brand?post=376"},{"taxonomy":"product_cat","embeddable":true,"href":"https:\/\/grandeur-authentique.com\/fr\/wp-json\/wp\/v2\/product_cat?post=376"},{"taxonomy":"product_tag","embeddable":true,"href":"https:\/\/grandeur-authentique.com\/fr\/wp-json\/wp\/v2\/product_tag?post=376"}],"curies":[{"name":"wp","href":"https:\/\/api.w.org\/{rel}","templated":true}]}}