{"id":377,"date":"2026-03-16T21:19:55","date_gmt":"2026-03-16T21:19:55","guid":{"rendered":"https:\/\/grandeur-authentique.com\/?post_type=product&#038;p=377"},"modified":"2026-03-16T21:21:12","modified_gmt":"2026-03-16T21:21:12","slug":"shiyaaka-for-men","status":"publish","type":"product","link":"https:\/\/grandeur-authentique.com\/fr\/produit\/shiyaaka-for-men\/","title":{"rendered":"SHIYAAKA FOR MEN"},"content":{"rendered":"<p>Shiyaaka For Men de Khadlaj Perfumes est un parfum pour homme. Les notes de t\u00eate sont Romarin, Petit-grain et Poivre; les notes de c\u0153ur sont N\u00e9roli, Racine d&#8217;iris et Jasmin; les notes de fond sont C\u00e8dre, V\u00e9tiver et Patchouli.<\/p>","protected":false},"excerpt":{"rendered":"<p>Shiyaaka For Men de Khadlaj Perfumes est un parfum pour homme. Les notes de t\u00eate sont Romarin, Petit-grain et Poivre; les notes de c\u0153ur sont N\u00e9roli, Racine d&#8217;iris et Jasmin; les notes de fond sont C\u00e8dre, V\u00e9tiver et Patchouli.<\/p>","protected":false},"featured_media":387,"comment_status":"open","ping_status":"closed","template":"","meta":[],"product_brand":[],"product_cat":[70],"product_tag":[73],"class_list":{"0":"post-377","1":"product","2":"type-product","3":"status-publish","4":"has-post-thumbnail","6":"product_cat-parfums","7":"product_tag-parfums","9":"first","10":"instock","11":"shipping-taxable","12":"purchasable","13":"product-type-simple"},"_links":{"self":[{"href":"https:\/\/grandeur-authentique.com\/fr\/wp-json\/wp\/v2\/product\/377","targetHints":{"allow":["GET"]}}],"collection":[{"href":"https:\/\/grandeur-authentique.com\/fr\/wp-json\/wp\/v2\/product"}],"about":[{"href":"https:\/\/grandeur-authentique.com\/fr\/wp-json\/wp\/v2\/types\/product"}],"replies":[{"embeddable":true,"href":"https:\/\/grandeur-authentique.com\/fr\/wp-json\/wp\/v2\/comments?post=377"}],"wp:featuredmedia":[{"embeddable":true,"href":"https:\/\/grandeur-authentique.com\/fr\/wp-json\/wp\/v2\/media\/387"}],"wp:attachment":[{"href":"https:\/\/grandeur-authentique.com\/fr\/wp-json\/wp\/v2\/media?parent=377"}],"wp:term":[{"taxonomy":"product_brand","embeddable":true,"href":"https:\/\/grandeur-authentique.com\/fr\/wp-json\/wp\/v2\/product_brand?post=377"},{"taxonomy":"product_cat","embeddable":true,"href":"https:\/\/grandeur-authentique.com\/fr\/wp-json\/wp\/v2\/product_cat?post=377"},{"taxonomy":"product_tag","embeddable":true,"href":"https:\/\/grandeur-authentique.com\/fr\/wp-json\/wp\/v2\/product_tag?post=377"}],"curies":[{"name":"wp","href":"https:\/\/api.w.org\/{rel}","templated":true}]}}