{"id":378,"date":"2026-03-16T21:22:37","date_gmt":"2026-03-16T21:22:37","guid":{"rendered":"https:\/\/grandeur-authentique.com\/?post_type=product&#038;p=378"},"modified":"2026-03-16T21:22:37","modified_gmt":"2026-03-16T21:22:37","slug":"la-fede-brown-choco-de-khadlaj","status":"publish","type":"product","link":"https:\/\/grandeur-authentique.com\/fr\/produit\/la-fede-brown-choco-de-khadlaj\/","title":{"rendered":"LA FEDE BROWN CHOCO DE KHADLAJ"},"content":{"rendered":"<p>La Fede Brown Choco de Khadlaj Perfumes est un parfum pour homme et femme.<span class=\"Apple-converted-space\">\u00a0 <\/span>L&#8217;ouverture est marqu\u00e9e par une rose l\u00e9g\u00e8rement poivr\u00e9e suivie par une rapide \u00e9volution vers une senteur de fleurs .Khadlaj La Fede Choco Brown Eau de parfum pour tout le monde. Un d\u00e9licieux parfum gourman apaisant qui capture l&#8217;essence des desserts riches au chocolat.<\/p>","protected":false},"excerpt":{"rendered":"<p>La Fede Brown Choco de Khadlaj Perfumes est un parfum pour homme et femme.<span class=\"Apple-converted-space\">\u00a0 <\/span>L&#8217;ouverture est marqu\u00e9e par une rose l\u00e9g\u00e8rement poivr\u00e9e suivie par une rapide \u00e9volution vers une senteur de fleurs .Khadlaj La Fede Choco Brown Eau de parfum pour tout le monde. Un d\u00e9licieux parfum gourman apaisant qui capture l&#8217;essence des desserts riches au chocolat.<\/p>","protected":false},"featured_media":0,"comment_status":"open","ping_status":"closed","template":"","meta":[],"product_brand":[],"product_cat":[70],"product_tag":[73],"class_list":{"0":"post-378","1":"product","2":"type-product","3":"status-publish","5":"product_cat-parfums","6":"product_tag-parfums","8":"first","9":"instock","10":"shipping-taxable","11":"purchasable","12":"product-type-simple"},"_links":{"self":[{"href":"https:\/\/grandeur-authentique.com\/fr\/wp-json\/wp\/v2\/product\/378","targetHints":{"allow":["GET"]}}],"collection":[{"href":"https:\/\/grandeur-authentique.com\/fr\/wp-json\/wp\/v2\/product"}],"about":[{"href":"https:\/\/grandeur-authentique.com\/fr\/wp-json\/wp\/v2\/types\/product"}],"replies":[{"embeddable":true,"href":"https:\/\/grandeur-authentique.com\/fr\/wp-json\/wp\/v2\/comments?post=378"}],"wp:attachment":[{"href":"https:\/\/grandeur-authentique.com\/fr\/wp-json\/wp\/v2\/media?parent=378"}],"wp:term":[{"taxonomy":"product_brand","embeddable":true,"href":"https:\/\/grandeur-authentique.com\/fr\/wp-json\/wp\/v2\/product_brand?post=378"},{"taxonomy":"product_cat","embeddable":true,"href":"https:\/\/grandeur-authentique.com\/fr\/wp-json\/wp\/v2\/product_cat?post=378"},{"taxonomy":"product_tag","embeddable":true,"href":"https:\/\/grandeur-authentique.com\/fr\/wp-json\/wp\/v2\/product_tag?post=378"}],"curies":[{"name":"wp","href":"https:\/\/api.w.org\/{rel}","templated":true}]}}