{"id":389,"date":"2026-03-16T21:26:13","date_gmt":"2026-03-16T21:26:13","guid":{"rendered":"https:\/\/grandeur-authentique.com\/?post_type=product&#038;p=389"},"modified":"2026-03-16T21:26:13","modified_gmt":"2026-03-16T21:26:13","slug":"khadlaj-nuha-cherry-blush","status":"publish","type":"product","link":"https:\/\/grandeur-authentique.com\/fr\/produit\/khadlaj-nuha-cherry-blush\/","title":{"rendered":"KHADLAJ NUHA CHERRY BLUSH"},"content":{"rendered":"<p>KHADLAJ NUHA CHERRY BLUSH est un parfum de la famille olfactive Oriental Floral pour femme, o\u00f9 une cerise juteuse et liqueur\u00e9e se m\u00eale \u00e0 des accords de rhum et de vin rouge, sur un c\u0153ur floral fruit\u00e9 et un fond cr\u00e9meux de vanille, f\u00e8ve tonka et bois doux.<span class=\"Apple-converted-space\">\u00a0<\/span><\/p>\n<p>Id\u00e9al pour les femmes qui aiment les parfums intenses, doux et s\u00e9duisants, avec une touche sophistiqu\u00e9e et nocturne, parfaits pour laisser une tra\u00een\u00e9e m\u00e9morable et d\u00e9licieuse.<\/p>","protected":false},"excerpt":{"rendered":"<p>KHADLAJ NUHA CHERRY BLUSH est un parfum de la famille olfactive Oriental Floral pour femme, o\u00f9 une cerise juteuse et liqueur\u00e9e se m\u00eale \u00e0 des accords de rhum et de vin rouge, sur un c\u0153ur floral fruit\u00e9 et un fond cr\u00e9meux de vanille, f\u00e8ve tonka et bois doux.<span class=\"Apple-converted-space\">\u00a0<\/span><\/p>\n<p>Id\u00e9al pour les femmes qui aiment les parfums intenses, doux et s\u00e9duisants, avec une touche sophistiqu\u00e9e et nocturne, parfaits pour laisser une tra\u00een\u00e9e m\u00e9morable et d\u00e9licieuse.<\/p>","protected":false},"featured_media":0,"comment_status":"open","ping_status":"closed","template":"","meta":[],"product_brand":[],"product_cat":[70],"product_tag":[73],"class_list":{"0":"post-389","1":"product","2":"type-product","3":"status-publish","5":"product_cat-parfums","6":"product_tag-parfums","8":"first","9":"instock","10":"shipping-taxable","11":"purchasable","12":"product-type-simple"},"_links":{"self":[{"href":"https:\/\/grandeur-authentique.com\/fr\/wp-json\/wp\/v2\/product\/389","targetHints":{"allow":["GET"]}}],"collection":[{"href":"https:\/\/grandeur-authentique.com\/fr\/wp-json\/wp\/v2\/product"}],"about":[{"href":"https:\/\/grandeur-authentique.com\/fr\/wp-json\/wp\/v2\/types\/product"}],"replies":[{"embeddable":true,"href":"https:\/\/grandeur-authentique.com\/fr\/wp-json\/wp\/v2\/comments?post=389"}],"wp:attachment":[{"href":"https:\/\/grandeur-authentique.com\/fr\/wp-json\/wp\/v2\/media?parent=389"}],"wp:term":[{"taxonomy":"product_brand","embeddable":true,"href":"https:\/\/grandeur-authentique.com\/fr\/wp-json\/wp\/v2\/product_brand?post=389"},{"taxonomy":"product_cat","embeddable":true,"href":"https:\/\/grandeur-authentique.com\/fr\/wp-json\/wp\/v2\/product_cat?post=389"},{"taxonomy":"product_tag","embeddable":true,"href":"https:\/\/grandeur-authentique.com\/fr\/wp-json\/wp\/v2\/product_tag?post=389"}],"curies":[{"name":"wp","href":"https:\/\/api.w.org\/{rel}","templated":true}]}}