{"id":390,"date":"2026-03-16T21:28:12","date_gmt":"2026-03-16T21:28:12","guid":{"rendered":"https:\/\/grandeur-authentique.com\/?post_type=product&#038;p=390"},"modified":"2026-03-16T21:46:23","modified_gmt":"2026-03-16T21:46:23","slug":"la-fede-white-forest-strawberry-de-khadlaj","status":"publish","type":"product","link":"https:\/\/grandeur-authentique.com\/fr\/produit\/la-fede-white-forest-strawberry-de-khadlaj\/","title":{"rendered":"LA FEDE WHITE FOREST STRAWBERRY DE KHADLAJ"},"content":{"rendered":"<p>La Fede White Forest Strawberry de Khadlaj Perfumes est un parfum Floral Fruit\u00e9 Gourmand pour femme.Une senteur unique et \u00e9l\u00e9gante qui vous enveloppera d&#8217;une aura gourmande et r\u00e9confortante.<\/p>","protected":false},"excerpt":{"rendered":"<p>La Fede White Forest Strawberry de Khadlaj Perfumes est un parfum Floral Fruit\u00e9 Gourmand pour femme.Une senteur unique et \u00e9l\u00e9gante qui vous enveloppera d&#8217;une aura gourmande et r\u00e9confortante.<\/p>","protected":false},"featured_media":399,"comment_status":"open","ping_status":"closed","template":"","meta":[],"product_brand":[],"product_cat":[70],"product_tag":[73],"class_list":{"0":"post-390","1":"product","2":"type-product","3":"status-publish","4":"has-post-thumbnail","6":"product_cat-parfums","7":"product_tag-parfums","9":"first","10":"instock","11":"shipping-taxable","12":"purchasable","13":"product-type-simple"},"_links":{"self":[{"href":"https:\/\/grandeur-authentique.com\/fr\/wp-json\/wp\/v2\/product\/390","targetHints":{"allow":["GET"]}}],"collection":[{"href":"https:\/\/grandeur-authentique.com\/fr\/wp-json\/wp\/v2\/product"}],"about":[{"href":"https:\/\/grandeur-authentique.com\/fr\/wp-json\/wp\/v2\/types\/product"}],"replies":[{"embeddable":true,"href":"https:\/\/grandeur-authentique.com\/fr\/wp-json\/wp\/v2\/comments?post=390"}],"wp:featuredmedia":[{"embeddable":true,"href":"https:\/\/grandeur-authentique.com\/fr\/wp-json\/wp\/v2\/media\/399"}],"wp:attachment":[{"href":"https:\/\/grandeur-authentique.com\/fr\/wp-json\/wp\/v2\/media?parent=390"}],"wp:term":[{"taxonomy":"product_brand","embeddable":true,"href":"https:\/\/grandeur-authentique.com\/fr\/wp-json\/wp\/v2\/product_brand?post=390"},{"taxonomy":"product_cat","embeddable":true,"href":"https:\/\/grandeur-authentique.com\/fr\/wp-json\/wp\/v2\/product_cat?post=390"},{"taxonomy":"product_tag","embeddable":true,"href":"https:\/\/grandeur-authentique.com\/fr\/wp-json\/wp\/v2\/product_tag?post=390"}],"curies":[{"name":"wp","href":"https:\/\/api.w.org\/{rel}","templated":true}]}}