{"id":391,"date":"2026-03-16T21:47:58","date_gmt":"2026-03-16T21:47:58","guid":{"rendered":"https:\/\/grandeur-authentique.com\/?post_type=product&#038;p=391"},"modified":"2026-03-16T21:47:58","modified_gmt":"2026-03-16T21:47:58","slug":"fakhar-al-arab-de-khalis","status":"publish","type":"product","link":"https:\/\/grandeur-authentique.com\/fr\/produit\/fakhar-al-arab-de-khalis\/","title":{"rendered":"FAKHAR AL ARAB DE KHALIS"},"content":{"rendered":"<p>Fakhar Al Arab de Khalis Perfumes est un parfum oriental luxueux qui m\u00eale des \u00e9pices riches, des fleurs d\u00e9licates et des bois chauds, offrant une fragrance audacieuse sp\u00e9cialement con\u00e7u pour les hommes.<span class=\"Apple-converted-space\">\u00a0<\/span><\/p>","protected":false},"excerpt":{"rendered":"<p>Fakhar Al Arab de Khalis Perfumes est un parfum oriental luxueux qui m\u00eale des \u00e9pices riches, des fleurs d\u00e9licates et des bois chauds, offrant une fragrance audacieuse sp\u00e9cialement con\u00e7u pour les hommes.<span class=\"Apple-converted-space\">\u00a0<\/span><\/p>","protected":false},"featured_media":400,"comment_status":"open","ping_status":"closed","template":"","meta":[],"product_brand":[],"product_cat":[70],"product_tag":[73],"class_list":{"0":"post-391","1":"product","2":"type-product","3":"status-publish","4":"has-post-thumbnail","6":"product_cat-parfums","7":"product_tag-parfums","9":"first","10":"instock","11":"shipping-taxable","12":"purchasable","13":"product-type-simple"},"_links":{"self":[{"href":"https:\/\/grandeur-authentique.com\/fr\/wp-json\/wp\/v2\/product\/391","targetHints":{"allow":["GET"]}}],"collection":[{"href":"https:\/\/grandeur-authentique.com\/fr\/wp-json\/wp\/v2\/product"}],"about":[{"href":"https:\/\/grandeur-authentique.com\/fr\/wp-json\/wp\/v2\/types\/product"}],"replies":[{"embeddable":true,"href":"https:\/\/grandeur-authentique.com\/fr\/wp-json\/wp\/v2\/comments?post=391"}],"wp:featuredmedia":[{"embeddable":true,"href":"https:\/\/grandeur-authentique.com\/fr\/wp-json\/wp\/v2\/media\/400"}],"wp:attachment":[{"href":"https:\/\/grandeur-authentique.com\/fr\/wp-json\/wp\/v2\/media?parent=391"}],"wp:term":[{"taxonomy":"product_brand","embeddable":true,"href":"https:\/\/grandeur-authentique.com\/fr\/wp-json\/wp\/v2\/product_brand?post=391"},{"taxonomy":"product_cat","embeddable":true,"href":"https:\/\/grandeur-authentique.com\/fr\/wp-json\/wp\/v2\/product_cat?post=391"},{"taxonomy":"product_tag","embeddable":true,"href":"https:\/\/grandeur-authentique.com\/fr\/wp-json\/wp\/v2\/product_tag?post=391"}],"curies":[{"name":"wp","href":"https:\/\/api.w.org\/{rel}","templated":true}]}}