{"id":392,"date":"2026-03-16T21:51:33","date_gmt":"2026-03-16T21:51:33","guid":{"rendered":"https:\/\/grandeur-authentique.com\/?post_type=product&#038;p=392"},"modified":"2026-03-16T21:54:36","modified_gmt":"2026-03-16T21:54:36","slug":"karus-secret-musk-khadlaj","status":"publish","type":"product","link":"https:\/\/grandeur-authentique.com\/fr\/produit\/karus-secret-musk-khadlaj\/","title":{"rendered":"KARUS SECRET MUSK KHADLAJ"},"content":{"rendered":"<p>Karus secret musk khadlaj est un joli oriental \u00e9pic\u00e9. L&#8217;ouverture est marqu\u00e9e par une rose l\u00e9g\u00e8rement poivr\u00e9e suivie par une rapide \u00e9volution vers une senteur de fleurs. Au c\u0153ur de la fragrance, la douce f\u00e8ve tonka se m\u00eale \u00e0 d&#8217;intenses ar\u00f4mes de chocolat qui compl\u00e8tent \u00e0 merveille la rose enivrante.<span class=\"Apple-converted-space\">\u00a0<\/span><\/p>","protected":false},"excerpt":{"rendered":"<p>Karus secret musk khadlaj est un joli oriental \u00e9pic\u00e9. L&#8217;ouverture est marqu\u00e9e par une rose l\u00e9g\u00e8rement poivr\u00e9e suivie par une rapide \u00e9volution vers une senteur de fleurs. Au c\u0153ur de la fragrance, la douce f\u00e8ve tonka se m\u00eale \u00e0 d&#8217;intenses ar\u00f4mes de chocolat qui compl\u00e8tent \u00e0 merveille la rose enivrante.<span class=\"Apple-converted-space\">\u00a0<\/span><\/p>","protected":false},"featured_media":384,"comment_status":"open","ping_status":"closed","template":"","meta":[],"product_brand":[],"product_cat":[70],"product_tag":[73],"class_list":{"0":"post-392","1":"product","2":"type-product","3":"status-publish","4":"has-post-thumbnail","6":"product_cat-parfums","7":"product_tag-parfums","9":"first","10":"instock","11":"shipping-taxable","12":"purchasable","13":"product-type-simple"},"_links":{"self":[{"href":"https:\/\/grandeur-authentique.com\/fr\/wp-json\/wp\/v2\/product\/392","targetHints":{"allow":["GET"]}}],"collection":[{"href":"https:\/\/grandeur-authentique.com\/fr\/wp-json\/wp\/v2\/product"}],"about":[{"href":"https:\/\/grandeur-authentique.com\/fr\/wp-json\/wp\/v2\/types\/product"}],"replies":[{"embeddable":true,"href":"https:\/\/grandeur-authentique.com\/fr\/wp-json\/wp\/v2\/comments?post=392"}],"wp:featuredmedia":[{"embeddable":true,"href":"https:\/\/grandeur-authentique.com\/fr\/wp-json\/wp\/v2\/media\/384"}],"wp:attachment":[{"href":"https:\/\/grandeur-authentique.com\/fr\/wp-json\/wp\/v2\/media?parent=392"}],"wp:term":[{"taxonomy":"product_brand","embeddable":true,"href":"https:\/\/grandeur-authentique.com\/fr\/wp-json\/wp\/v2\/product_brand?post=392"},{"taxonomy":"product_cat","embeddable":true,"href":"https:\/\/grandeur-authentique.com\/fr\/wp-json\/wp\/v2\/product_cat?post=392"},{"taxonomy":"product_tag","embeddable":true,"href":"https:\/\/grandeur-authentique.com\/fr\/wp-json\/wp\/v2\/product_tag?post=392"}],"curies":[{"name":"wp","href":"https:\/\/api.w.org\/{rel}","templated":true}]}}