{"id":393,"date":"2026-03-16T21:55:20","date_gmt":"2026-03-16T21:55:20","guid":{"rendered":"https:\/\/grandeur-authentique.com\/?post_type=product&#038;p=393"},"modified":"2026-03-16T21:55:20","modified_gmt":"2026-03-16T21:55:20","slug":"karus-blu-spice-de-khadlaj","status":"publish","type":"product","link":"https:\/\/grandeur-authentique.com\/fr\/produit\/karus-blu-spice-de-khadlaj\/","title":{"rendered":"KARUS BLU SPICE DE KHADLAJ"},"content":{"rendered":"<p>Karus Blu Spice de Khadlaj Perfumes est un parfum Hesp\u00e9rid\u00e9 Aromatique pour homme qui combine l&#8217;\u00e9nergie fra\u00eeche des agrumes avec des \u00e9pices chaudes et une \u00e9l\u00e9gante tenue qui vous aidera \u00e0 d\u00e9voiler la masculinit\u00e9, la force et le courage qui reposent en vous.<span class=\"Apple-converted-space\">\u00a0<\/span><\/p>","protected":false},"excerpt":{"rendered":"<p>Karus Blu Spice de Khadlaj Perfumes est un parfum Hesp\u00e9rid\u00e9 Aromatique pour homme qui combine l&#8217;\u00e9nergie fra\u00eeche des agrumes avec des \u00e9pices chaudes et une \u00e9l\u00e9gante tenue qui vous aidera \u00e0 d\u00e9voiler la masculinit\u00e9, la force et le courage qui reposent en vous.<span class=\"Apple-converted-space\">\u00a0<\/span><\/p>","protected":false},"featured_media":0,"comment_status":"open","ping_status":"closed","template":"","meta":[],"product_brand":[],"product_cat":[70],"product_tag":[73],"class_list":{"0":"post-393","1":"product","2":"type-product","3":"status-publish","5":"product_cat-parfums","6":"product_tag-parfums","8":"first","9":"instock","10":"shipping-taxable","11":"purchasable","12":"product-type-simple"},"_links":{"self":[{"href":"https:\/\/grandeur-authentique.com\/fr\/wp-json\/wp\/v2\/product\/393","targetHints":{"allow":["GET"]}}],"collection":[{"href":"https:\/\/grandeur-authentique.com\/fr\/wp-json\/wp\/v2\/product"}],"about":[{"href":"https:\/\/grandeur-authentique.com\/fr\/wp-json\/wp\/v2\/types\/product"}],"replies":[{"embeddable":true,"href":"https:\/\/grandeur-authentique.com\/fr\/wp-json\/wp\/v2\/comments?post=393"}],"wp:attachment":[{"href":"https:\/\/grandeur-authentique.com\/fr\/wp-json\/wp\/v2\/media?parent=393"}],"wp:term":[{"taxonomy":"product_brand","embeddable":true,"href":"https:\/\/grandeur-authentique.com\/fr\/wp-json\/wp\/v2\/product_brand?post=393"},{"taxonomy":"product_cat","embeddable":true,"href":"https:\/\/grandeur-authentique.com\/fr\/wp-json\/wp\/v2\/product_cat?post=393"},{"taxonomy":"product_tag","embeddable":true,"href":"https:\/\/grandeur-authentique.com\/fr\/wp-json\/wp\/v2\/product_tag?post=393"}],"curies":[{"name":"wp","href":"https:\/\/api.w.org\/{rel}","templated":true}]}}