{"id":394,"date":"2026-03-16T21:56:57","date_gmt":"2026-03-16T21:56:57","guid":{"rendered":"https:\/\/grandeur-authentique.com\/?post_type=product&#038;p=394"},"modified":"2026-03-16T21:56:57","modified_gmt":"2026-03-16T21:56:57","slug":"uno-durabile","status":"publish","type":"product","link":"https:\/\/grandeur-authentique.com\/fr\/produit\/uno-durabile\/","title":{"rendered":"UNO DURABILE"},"content":{"rendered":"<p>Le parfum uno durabile est un parfum pour homme.<span class=\"Apple-converted-space\">\u00a0<\/span><\/p>\n<p>Une eau de parfum envo\u00fbtante qui incarne force, \u00e9l\u00e9gance et endurance. Ce parfum est con\u00e7u pour les personnes qui rayonnent de confiance.<\/p>","protected":false},"excerpt":{"rendered":"<p>Le parfum uno durabile est un parfum pour homme.<span class=\"Apple-converted-space\">\u00a0<\/span><\/p>\n<p>Une eau de parfum envo\u00fbtante qui incarne force, \u00e9l\u00e9gance et endurance. Ce parfum est con\u00e7u pour les personnes qui rayonnent de confiance.<\/p>","protected":false},"featured_media":401,"comment_status":"open","ping_status":"closed","template":"","meta":[],"product_brand":[],"product_cat":[70],"product_tag":[73],"class_list":{"0":"post-394","1":"product","2":"type-product","3":"status-publish","4":"has-post-thumbnail","6":"product_cat-parfums","7":"product_tag-parfums","9":"first","10":"instock","11":"shipping-taxable","12":"purchasable","13":"product-type-simple"},"_links":{"self":[{"href":"https:\/\/grandeur-authentique.com\/fr\/wp-json\/wp\/v2\/product\/394","targetHints":{"allow":["GET"]}}],"collection":[{"href":"https:\/\/grandeur-authentique.com\/fr\/wp-json\/wp\/v2\/product"}],"about":[{"href":"https:\/\/grandeur-authentique.com\/fr\/wp-json\/wp\/v2\/types\/product"}],"replies":[{"embeddable":true,"href":"https:\/\/grandeur-authentique.com\/fr\/wp-json\/wp\/v2\/comments?post=394"}],"wp:featuredmedia":[{"embeddable":true,"href":"https:\/\/grandeur-authentique.com\/fr\/wp-json\/wp\/v2\/media\/401"}],"wp:attachment":[{"href":"https:\/\/grandeur-authentique.com\/fr\/wp-json\/wp\/v2\/media?parent=394"}],"wp:term":[{"taxonomy":"product_brand","embeddable":true,"href":"https:\/\/grandeur-authentique.com\/fr\/wp-json\/wp\/v2\/product_brand?post=394"},{"taxonomy":"product_cat","embeddable":true,"href":"https:\/\/grandeur-authentique.com\/fr\/wp-json\/wp\/v2\/product_cat?post=394"},{"taxonomy":"product_tag","embeddable":true,"href":"https:\/\/grandeur-authentique.com\/fr\/wp-json\/wp\/v2\/product_tag?post=394"}],"curies":[{"name":"wp","href":"https:\/\/api.w.org\/{rel}","templated":true}]}}