{"id":395,"date":"2026-03-16T21:58:13","date_gmt":"2026-03-16T21:58:13","guid":{"rendered":"https:\/\/grandeur-authentique.com\/?post_type=product&#038;p=395"},"modified":"2026-03-16T21:58:13","modified_gmt":"2026-03-16T21:58:13","slug":"caffe-latte","status":"publish","type":"product","link":"https:\/\/grandeur-authentique.com\/fr\/produit\/caffe-latte\/","title":{"rendered":"CAFF\u00c9 LATTE"},"content":{"rendered":"<p>Caff\u00e9 Latte est un parfum mixte gourmand et cr\u00e9meux, aux accords de caf\u00e9, vanille, caramel et cr\u00e8me d&#8217;amande.<span class=\"Apple-converted-space\">\u00a0<\/span><\/p>","protected":false},"excerpt":{"rendered":"<p>Caff\u00e9 Latte est un parfum mixte gourmand et cr\u00e9meux, aux accords de caf\u00e9, vanille, caramel et cr\u00e8me d&#8217;amande.<span class=\"Apple-converted-space\">\u00a0<\/span><\/p>","protected":false},"featured_media":402,"comment_status":"open","ping_status":"closed","template":"","meta":[],"product_brand":[],"product_cat":[70],"product_tag":[73],"class_list":{"0":"post-395","1":"product","2":"type-product","3":"status-publish","4":"has-post-thumbnail","6":"product_cat-parfums","7":"product_tag-parfums","9":"first","10":"instock","11":"shipping-taxable","12":"purchasable","13":"product-type-simple"},"_links":{"self":[{"href":"https:\/\/grandeur-authentique.com\/fr\/wp-json\/wp\/v2\/product\/395","targetHints":{"allow":["GET"]}}],"collection":[{"href":"https:\/\/grandeur-authentique.com\/fr\/wp-json\/wp\/v2\/product"}],"about":[{"href":"https:\/\/grandeur-authentique.com\/fr\/wp-json\/wp\/v2\/types\/product"}],"replies":[{"embeddable":true,"href":"https:\/\/grandeur-authentique.com\/fr\/wp-json\/wp\/v2\/comments?post=395"}],"wp:featuredmedia":[{"embeddable":true,"href":"https:\/\/grandeur-authentique.com\/fr\/wp-json\/wp\/v2\/media\/402"}],"wp:attachment":[{"href":"https:\/\/grandeur-authentique.com\/fr\/wp-json\/wp\/v2\/media?parent=395"}],"wp:term":[{"taxonomy":"product_brand","embeddable":true,"href":"https:\/\/grandeur-authentique.com\/fr\/wp-json\/wp\/v2\/product_brand?post=395"},{"taxonomy":"product_cat","embeddable":true,"href":"https:\/\/grandeur-authentique.com\/fr\/wp-json\/wp\/v2\/product_cat?post=395"},{"taxonomy":"product_tag","embeddable":true,"href":"https:\/\/grandeur-authentique.com\/fr\/wp-json\/wp\/v2\/product_tag?post=395"}],"curies":[{"name":"wp","href":"https:\/\/api.w.org\/{rel}","templated":true}]}}