{"id":403,"date":"2026-03-16T22:02:59","date_gmt":"2026-03-16T22:02:59","guid":{"rendered":"https:\/\/grandeur-authentique.com\/?post_type=product&#038;p=403"},"modified":"2026-03-16T22:42:08","modified_gmt":"2026-03-16T22:42:08","slug":"royal-crown","status":"publish","type":"product","link":"https:\/\/grandeur-authentique.com\/fr\/produit\/royal-crown\/","title":{"rendered":"ROYAL CROWN"},"content":{"rendered":"<p>Royal Crown<span class=\"Apple-converted-space\">\u00a0 <\/span>est un parfum Hesp\u00e9rid\u00e9 aromatique pour homme et femme. Gr\u00e2ce \u00e0 son \u00e9l\u00e9gant m\u00e9lange de notes raffin\u00e9es, ce parfum offre un sillage sophistiqu\u00e9, id\u00e9al au quotidien comme pour les occasions sp\u00e9ciales.<\/p>","protected":false},"excerpt":{"rendered":"<p>Royal Crown<span class=\"Apple-converted-space\">\u00a0 <\/span>est un parfum Hesp\u00e9rid\u00e9 aromatique pour homme et femme. Gr\u00e2ce \u00e0 son \u00e9l\u00e9gant m\u00e9lange de notes raffin\u00e9es, ce parfum offre un sillage sophistiqu\u00e9, id\u00e9al au quotidien comme pour les occasions sp\u00e9ciales.<\/p>","protected":false},"featured_media":381,"comment_status":"open","ping_status":"closed","template":"","meta":[],"product_brand":[],"product_cat":[70],"product_tag":[73],"class_list":{"0":"post-403","1":"product","2":"type-product","3":"status-publish","4":"has-post-thumbnail","6":"product_cat-parfums","7":"product_tag-parfums","9":"first","10":"instock","11":"shipping-taxable","12":"purchasable","13":"product-type-simple"},"_links":{"self":[{"href":"https:\/\/grandeur-authentique.com\/fr\/wp-json\/wp\/v2\/product\/403","targetHints":{"allow":["GET"]}}],"collection":[{"href":"https:\/\/grandeur-authentique.com\/fr\/wp-json\/wp\/v2\/product"}],"about":[{"href":"https:\/\/grandeur-authentique.com\/fr\/wp-json\/wp\/v2\/types\/product"}],"replies":[{"embeddable":true,"href":"https:\/\/grandeur-authentique.com\/fr\/wp-json\/wp\/v2\/comments?post=403"}],"wp:featuredmedia":[{"embeddable":true,"href":"https:\/\/grandeur-authentique.com\/fr\/wp-json\/wp\/v2\/media\/381"}],"wp:attachment":[{"href":"https:\/\/grandeur-authentique.com\/fr\/wp-json\/wp\/v2\/media?parent=403"}],"wp:term":[{"taxonomy":"product_brand","embeddable":true,"href":"https:\/\/grandeur-authentique.com\/fr\/wp-json\/wp\/v2\/product_brand?post=403"},{"taxonomy":"product_cat","embeddable":true,"href":"https:\/\/grandeur-authentique.com\/fr\/wp-json\/wp\/v2\/product_cat?post=403"},{"taxonomy":"product_tag","embeddable":true,"href":"https:\/\/grandeur-authentique.com\/fr\/wp-json\/wp\/v2\/product_tag?post=403"}],"curies":[{"name":"wp","href":"https:\/\/api.w.org\/{rel}","templated":true}]}}