{"id":404,"date":"2026-03-16T22:04:21","date_gmt":"2026-03-16T22:04:21","guid":{"rendered":"https:\/\/grandeur-authentique.com\/?post_type=product&#038;p=404"},"modified":"2026-03-16T22:43:05","modified_gmt":"2026-03-16T22:43:05","slug":"mercury-dal-haramain-unisexe","status":"publish","type":"product","link":"https:\/\/grandeur-authentique.com\/fr\/produit\/mercury-dal-haramain-unisexe\/","title":{"rendered":"MERCURY D\u2019AL HARAMAIN UNISEXE"},"content":{"rendered":"<p>Mercury d\u2019Al Haramain unisexe est<span class=\"Apple-converted-space\">\u00a0 <\/span>une incarnation de l\u2019\u00e9l\u00e9gance aux notes prononc\u00e9es de clou de girofle, de bois de c\u00e8dre, de romarin, de musc et d\u2019estragon, entre autres.<\/p>","protected":false},"excerpt":{"rendered":"<p>Mercury d\u2019Al Haramain unisexe est<span class=\"Apple-converted-space\">\u00a0 <\/span>une incarnation de l\u2019\u00e9l\u00e9gance aux notes prononc\u00e9es de clou de girofle, de bois de c\u00e8dre, de romarin, de musc et d\u2019estragon, entre autres.<\/p>","protected":false},"featured_media":382,"comment_status":"open","ping_status":"closed","template":"","meta":[],"product_brand":[],"product_cat":[70],"product_tag":[73],"class_list":{"0":"post-404","1":"product","2":"type-product","3":"status-publish","4":"has-post-thumbnail","6":"product_cat-parfums","7":"product_tag-parfums","9":"first","10":"instock","11":"shipping-taxable","12":"purchasable","13":"product-type-simple"},"_links":{"self":[{"href":"https:\/\/grandeur-authentique.com\/fr\/wp-json\/wp\/v2\/product\/404","targetHints":{"allow":["GET"]}}],"collection":[{"href":"https:\/\/grandeur-authentique.com\/fr\/wp-json\/wp\/v2\/product"}],"about":[{"href":"https:\/\/grandeur-authentique.com\/fr\/wp-json\/wp\/v2\/types\/product"}],"replies":[{"embeddable":true,"href":"https:\/\/grandeur-authentique.com\/fr\/wp-json\/wp\/v2\/comments?post=404"}],"wp:featuredmedia":[{"embeddable":true,"href":"https:\/\/grandeur-authentique.com\/fr\/wp-json\/wp\/v2\/media\/382"}],"wp:attachment":[{"href":"https:\/\/grandeur-authentique.com\/fr\/wp-json\/wp\/v2\/media?parent=404"}],"wp:term":[{"taxonomy":"product_brand","embeddable":true,"href":"https:\/\/grandeur-authentique.com\/fr\/wp-json\/wp\/v2\/product_brand?post=404"},{"taxonomy":"product_cat","embeddable":true,"href":"https:\/\/grandeur-authentique.com\/fr\/wp-json\/wp\/v2\/product_cat?post=404"},{"taxonomy":"product_tag","embeddable":true,"href":"https:\/\/grandeur-authentique.com\/fr\/wp-json\/wp\/v2\/product_tag?post=404"}],"curies":[{"name":"wp","href":"https:\/\/api.w.org\/{rel}","templated":true}]}}