{"id":405,"date":"2026-03-16T22:06:43","date_gmt":"2026-03-16T22:06:43","guid":{"rendered":"https:\/\/grandeur-authentique.com\/?post_type=product&#038;p=405"},"modified":"2026-03-16T22:06:44","modified_gmt":"2026-03-16T22:06:44","slug":"chateau-de-la-haramain","status":"publish","type":"product","link":"https:\/\/grandeur-authentique.com\/fr\/produit\/chateau-de-la-haramain\/","title":{"rendered":"CHATEAU DE LA HARAMAIN"},"content":{"rendered":"<p>Chateau De La Haramain Argent de Al Haramain Perfumes est un parfum Chypr\u00e9 Floral pour femme.<span class=\"Apple-converted-space\">\u00a0<\/span><\/p>\n<p>L&#8217;eau de parfum pour femmes Al Haramain Ch\u00e2teau de La Haramain Argent vous r\u00e9v\u00e8le tout le charme des senteurs orientales. Le secret et la pointe du myst\u00e8re.<span class=\"Apple-converted-space\">\u00a0<\/span><\/p>","protected":false},"excerpt":{"rendered":"<p>Chateau De La Haramain Argent de Al Haramain Perfumes est un parfum Chypr\u00e9 Floral pour femme.<span class=\"Apple-converted-space\">\u00a0<\/span><\/p>\n<p>L&#8217;eau de parfum pour femmes Al Haramain Ch\u00e2teau de La Haramain Argent vous r\u00e9v\u00e8le tout le charme des senteurs orientales. Le secret et la pointe du myst\u00e8re.<span class=\"Apple-converted-space\">\u00a0<\/span><\/p>","protected":false},"featured_media":418,"comment_status":"open","ping_status":"closed","template":"","meta":[],"product_brand":[],"product_cat":[70],"product_tag":[73],"class_list":{"0":"post-405","1":"product","2":"type-product","3":"status-publish","4":"has-post-thumbnail","6":"product_cat-parfums","7":"product_tag-parfums","9":"first","10":"instock","11":"shipping-taxable","12":"purchasable","13":"product-type-simple"},"_links":{"self":[{"href":"https:\/\/grandeur-authentique.com\/fr\/wp-json\/wp\/v2\/product\/405","targetHints":{"allow":["GET"]}}],"collection":[{"href":"https:\/\/grandeur-authentique.com\/fr\/wp-json\/wp\/v2\/product"}],"about":[{"href":"https:\/\/grandeur-authentique.com\/fr\/wp-json\/wp\/v2\/types\/product"}],"replies":[{"embeddable":true,"href":"https:\/\/grandeur-authentique.com\/fr\/wp-json\/wp\/v2\/comments?post=405"}],"wp:featuredmedia":[{"embeddable":true,"href":"https:\/\/grandeur-authentique.com\/fr\/wp-json\/wp\/v2\/media\/418"}],"wp:attachment":[{"href":"https:\/\/grandeur-authentique.com\/fr\/wp-json\/wp\/v2\/media?parent=405"}],"wp:term":[{"taxonomy":"product_brand","embeddable":true,"href":"https:\/\/grandeur-authentique.com\/fr\/wp-json\/wp\/v2\/product_brand?post=405"},{"taxonomy":"product_cat","embeddable":true,"href":"https:\/\/grandeur-authentique.com\/fr\/wp-json\/wp\/v2\/product_cat?post=405"},{"taxonomy":"product_tag","embeddable":true,"href":"https:\/\/grandeur-authentique.com\/fr\/wp-json\/wp\/v2\/product_tag?post=405"}],"curies":[{"name":"wp","href":"https:\/\/api.w.org\/{rel}","templated":true}]}}