{"id":406,"date":"2026-03-16T22:07:48","date_gmt":"2026-03-16T22:07:48","guid":{"rendered":"https:\/\/grandeur-authentique.com\/?post_type=product&#038;p=406"},"modified":"2026-03-16T22:07:48","modified_gmt":"2026-03-16T22:07:48","slug":"chateau-de-la-haramain-dor","status":"publish","type":"product","link":"https:\/\/grandeur-authentique.com\/fr\/produit\/chateau-de-la-haramain-dor\/","title":{"rendered":"CHATEAU DE LA HARAMAIN D&#8217;OR"},"content":{"rendered":"<p>Chateau De La Haramain D&#8217;Or de Al Haramain Perfumes est un parfum Chypr\u00e9 Floral pour femme.<\/p>\n<p>Ce parfum vous enveloppe d&#8217;une senteur sensuelle et sophistiqu\u00e9e \u00e0 chaque fois que vous \u00eates d&#8217;humeur \u00e0 \u00e9blouir le monde.<span class=\"Apple-converted-space\">\u00a0<\/span><\/p>","protected":false},"excerpt":{"rendered":"<p>Chateau De La Haramain D&#8217;Or de Al Haramain Perfumes est un parfum Chypr\u00e9 Floral pour femme.<\/p>\n<p>Ce parfum vous enveloppe d&#8217;une senteur sensuelle et sophistiqu\u00e9e \u00e0 chaque fois que vous \u00eates d&#8217;humeur \u00e0 \u00e9blouir le monde.<span class=\"Apple-converted-space\">\u00a0<\/span><\/p>","protected":false},"featured_media":417,"comment_status":"open","ping_status":"closed","template":"","meta":[],"product_brand":[],"product_cat":[70],"product_tag":[73],"class_list":{"0":"post-406","1":"product","2":"type-product","3":"status-publish","4":"has-post-thumbnail","6":"product_cat-parfums","7":"product_tag-parfums","9":"first","10":"instock","11":"shipping-taxable","12":"purchasable","13":"product-type-simple"},"_links":{"self":[{"href":"https:\/\/grandeur-authentique.com\/fr\/wp-json\/wp\/v2\/product\/406","targetHints":{"allow":["GET"]}}],"collection":[{"href":"https:\/\/grandeur-authentique.com\/fr\/wp-json\/wp\/v2\/product"}],"about":[{"href":"https:\/\/grandeur-authentique.com\/fr\/wp-json\/wp\/v2\/types\/product"}],"replies":[{"embeddable":true,"href":"https:\/\/grandeur-authentique.com\/fr\/wp-json\/wp\/v2\/comments?post=406"}],"wp:featuredmedia":[{"embeddable":true,"href":"https:\/\/grandeur-authentique.com\/fr\/wp-json\/wp\/v2\/media\/417"}],"wp:attachment":[{"href":"https:\/\/grandeur-authentique.com\/fr\/wp-json\/wp\/v2\/media?parent=406"}],"wp:term":[{"taxonomy":"product_brand","embeddable":true,"href":"https:\/\/grandeur-authentique.com\/fr\/wp-json\/wp\/v2\/product_brand?post=406"},{"taxonomy":"product_cat","embeddable":true,"href":"https:\/\/grandeur-authentique.com\/fr\/wp-json\/wp\/v2\/product_cat?post=406"},{"taxonomy":"product_tag","embeddable":true,"href":"https:\/\/grandeur-authentique.com\/fr\/wp-json\/wp\/v2\/product_tag?post=406"}],"curies":[{"name":"wp","href":"https:\/\/api.w.org\/{rel}","templated":true}]}}