{"id":407,"date":"2026-03-16T22:08:44","date_gmt":"2026-03-16T22:08:44","guid":{"rendered":"https:\/\/grandeur-authentique.com\/?post_type=product&#038;p=407"},"modified":"2026-03-16T22:08:44","modified_gmt":"2026-03-16T22:08:44","slug":"khadlaj-oud-pour-klassik","status":"publish","type":"product","link":"https:\/\/grandeur-authentique.com\/fr\/produit\/khadlaj-oud-pour-klassik\/","title":{"rendered":"KHADLAJ OUD POUR KLASSIK"},"content":{"rendered":"<p>Khadlaj Oud Pour Klassik Eau de Parfum mixte luxueux qui c\u00e9l\u00e8bre la profondeur et le raffinement du bois de oud dans un m\u00e9lange harmonieux.<span class=\"Apple-converted-space\">\u00a0<\/span><\/p>","protected":false},"excerpt":{"rendered":"<p>Khadlaj Oud Pour Klassik Eau de Parfum mixte luxueux qui c\u00e9l\u00e8bre la profondeur et le raffinement du bois de oud dans un m\u00e9lange harmonieux.<span class=\"Apple-converted-space\">\u00a0<\/span><\/p>","protected":false},"featured_media":424,"comment_status":"open","ping_status":"closed","template":"","meta":[],"product_brand":[],"product_cat":[70],"product_tag":[73],"class_list":{"0":"post-407","1":"product","2":"type-product","3":"status-publish","4":"has-post-thumbnail","6":"product_cat-parfums","7":"product_tag-parfums","9":"first","10":"instock","11":"shipping-taxable","12":"purchasable","13":"product-type-simple"},"_links":{"self":[{"href":"https:\/\/grandeur-authentique.com\/fr\/wp-json\/wp\/v2\/product\/407","targetHints":{"allow":["GET"]}}],"collection":[{"href":"https:\/\/grandeur-authentique.com\/fr\/wp-json\/wp\/v2\/product"}],"about":[{"href":"https:\/\/grandeur-authentique.com\/fr\/wp-json\/wp\/v2\/types\/product"}],"replies":[{"embeddable":true,"href":"https:\/\/grandeur-authentique.com\/fr\/wp-json\/wp\/v2\/comments?post=407"}],"wp:featuredmedia":[{"embeddable":true,"href":"https:\/\/grandeur-authentique.com\/fr\/wp-json\/wp\/v2\/media\/424"}],"wp:attachment":[{"href":"https:\/\/grandeur-authentique.com\/fr\/wp-json\/wp\/v2\/media?parent=407"}],"wp:term":[{"taxonomy":"product_brand","embeddable":true,"href":"https:\/\/grandeur-authentique.com\/fr\/wp-json\/wp\/v2\/product_brand?post=407"},{"taxonomy":"product_cat","embeddable":true,"href":"https:\/\/grandeur-authentique.com\/fr\/wp-json\/wp\/v2\/product_cat?post=407"},{"taxonomy":"product_tag","embeddable":true,"href":"https:\/\/grandeur-authentique.com\/fr\/wp-json\/wp\/v2\/product_tag?post=407"}],"curies":[{"name":"wp","href":"https:\/\/api.w.org\/{rel}","templated":true}]}}