{"id":408,"date":"2026-03-16T22:09:43","date_gmt":"2026-03-16T22:09:43","guid":{"rendered":"https:\/\/grandeur-authentique.com\/?post_type=product&#038;p=408"},"modified":"2026-03-16T22:09:43","modified_gmt":"2026-03-16T22:09:43","slug":"oud-pour-noble-de-khadlaj","status":"publish","type":"product","link":"https:\/\/grandeur-authentique.com\/fr\/produit\/oud-pour-noble-de-khadlaj\/","title":{"rendered":"OUD POUR NOBLE DE KHADLAJ"},"content":{"rendered":"<p>Oud Pour Noble de Khadlaj est une eau de parfum unisexe, orientale et bois\u00e9e, con\u00e7ue pour \u00e9voquer la noblesse et le luxe, souvent compar\u00e9e \u00e0 des parfums comme Baccarat Rouge 540.<\/p>","protected":false},"excerpt":{"rendered":"<p>Oud Pour Noble de Khadlaj est une eau de parfum unisexe, orientale et bois\u00e9e, con\u00e7ue pour \u00e9voquer la noblesse et le luxe, souvent compar\u00e9e \u00e0 des parfums comme Baccarat Rouge 540.<\/p>","protected":false},"featured_media":422,"comment_status":"open","ping_status":"closed","template":"","meta":[],"product_brand":[],"product_cat":[70],"product_tag":[73],"class_list":{"0":"post-408","1":"product","2":"type-product","3":"status-publish","4":"has-post-thumbnail","6":"product_cat-parfums","7":"product_tag-parfums","9":"first","10":"instock","11":"shipping-taxable","12":"purchasable","13":"product-type-simple"},"_links":{"self":[{"href":"https:\/\/grandeur-authentique.com\/fr\/wp-json\/wp\/v2\/product\/408","targetHints":{"allow":["GET"]}}],"collection":[{"href":"https:\/\/grandeur-authentique.com\/fr\/wp-json\/wp\/v2\/product"}],"about":[{"href":"https:\/\/grandeur-authentique.com\/fr\/wp-json\/wp\/v2\/types\/product"}],"replies":[{"embeddable":true,"href":"https:\/\/grandeur-authentique.com\/fr\/wp-json\/wp\/v2\/comments?post=408"}],"wp:featuredmedia":[{"embeddable":true,"href":"https:\/\/grandeur-authentique.com\/fr\/wp-json\/wp\/v2\/media\/422"}],"wp:attachment":[{"href":"https:\/\/grandeur-authentique.com\/fr\/wp-json\/wp\/v2\/media?parent=408"}],"wp:term":[{"taxonomy":"product_brand","embeddable":true,"href":"https:\/\/grandeur-authentique.com\/fr\/wp-json\/wp\/v2\/product_brand?post=408"},{"taxonomy":"product_cat","embeddable":true,"href":"https:\/\/grandeur-authentique.com\/fr\/wp-json\/wp\/v2\/product_cat?post=408"},{"taxonomy":"product_tag","embeddable":true,"href":"https:\/\/grandeur-authentique.com\/fr\/wp-json\/wp\/v2\/product_tag?post=408"}],"curies":[{"name":"wp","href":"https:\/\/api.w.org\/{rel}","templated":true}]}}