{"id":409,"date":"2026-03-16T22:10:41","date_gmt":"2026-03-16T22:10:41","guid":{"rendered":"https:\/\/grandeur-authentique.com\/?post_type=product&#038;p=409"},"modified":"2026-03-16T22:10:42","modified_gmt":"2026-03-16T22:10:42","slug":"oud-cambodi","status":"publish","type":"product","link":"https:\/\/grandeur-authentique.com\/fr\/produit\/oud-cambodi\/","title":{"rendered":"OUD CAMBODI"},"content":{"rendered":"<p>Le parfum Oud Cambodi est une fragrance orientale prestigieuse, r\u00e9put\u00e9e pour son caract\u00e8re bois\u00e9, doux et l\u00e9g\u00e8rement fruit\u00e9, souvent moins animal que d&#8217;autres types d&#8217;ouds. Il offre une exp\u00e9rience olfactive complexe et sophistiqu\u00e9e, m\u00ealant des notes de t\u00eate \u00e9pic\u00e9es \u00e0 un c\u0153ur de bois pr\u00e9cieux, ambre et musc.<span class=\"Apple-converted-space\">\u00a0<\/span><\/p>","protected":false},"excerpt":{"rendered":"<p>Le parfum Oud Cambodi est une fragrance orientale prestigieuse, r\u00e9put\u00e9e pour son caract\u00e8re bois\u00e9, doux et l\u00e9g\u00e8rement fruit\u00e9, souvent moins animal que d&#8217;autres types d&#8217;ouds. Il offre une exp\u00e9rience olfactive complexe et sophistiqu\u00e9e, m\u00ealant des notes de t\u00eate \u00e9pic\u00e9es \u00e0 un c\u0153ur de bois pr\u00e9cieux, ambre et musc.<span class=\"Apple-converted-space\">\u00a0<\/span><\/p>","protected":false},"featured_media":416,"comment_status":"open","ping_status":"closed","template":"","meta":[],"product_brand":[],"product_cat":[70],"product_tag":[73],"class_list":{"0":"post-409","1":"product","2":"type-product","3":"status-publish","4":"has-post-thumbnail","6":"product_cat-parfums","7":"product_tag-parfums","9":"first","10":"instock","11":"shipping-taxable","12":"purchasable","13":"product-type-simple"},"_links":{"self":[{"href":"https:\/\/grandeur-authentique.com\/fr\/wp-json\/wp\/v2\/product\/409","targetHints":{"allow":["GET"]}}],"collection":[{"href":"https:\/\/grandeur-authentique.com\/fr\/wp-json\/wp\/v2\/product"}],"about":[{"href":"https:\/\/grandeur-authentique.com\/fr\/wp-json\/wp\/v2\/types\/product"}],"replies":[{"embeddable":true,"href":"https:\/\/grandeur-authentique.com\/fr\/wp-json\/wp\/v2\/comments?post=409"}],"wp:featuredmedia":[{"embeddable":true,"href":"https:\/\/grandeur-authentique.com\/fr\/wp-json\/wp\/v2\/media\/416"}],"wp:attachment":[{"href":"https:\/\/grandeur-authentique.com\/fr\/wp-json\/wp\/v2\/media?parent=409"}],"wp:term":[{"taxonomy":"product_brand","embeddable":true,"href":"https:\/\/grandeur-authentique.com\/fr\/wp-json\/wp\/v2\/product_brand?post=409"},{"taxonomy":"product_cat","embeddable":true,"href":"https:\/\/grandeur-authentique.com\/fr\/wp-json\/wp\/v2\/product_cat?post=409"},{"taxonomy":"product_tag","embeddable":true,"href":"https:\/\/grandeur-authentique.com\/fr\/wp-json\/wp\/v2\/product_tag?post=409"}],"curies":[{"name":"wp","href":"https:\/\/api.w.org\/{rel}","templated":true}]}}