{"id":410,"date":"2026-03-16T22:11:42","date_gmt":"2026-03-16T22:11:42","guid":{"rendered":"https:\/\/grandeur-authentique.com\/?post_type=product&#038;p=410"},"modified":"2026-03-16T22:16:28","modified_gmt":"2026-03-16T22:16:28","slug":"valor-chivalry","status":"publish","type":"product","link":"https:\/\/grandeur-authentique.com\/fr\/produit\/valor-chivalry\/","title":{"rendered":"VALOR CHIVALRY"},"content":{"rendered":"<p>Valor Chivalry de Khadlaj est une eau de parfum puissante et unisexe, c\u00e9l\u00e8bre pour \u00eatre un clone abordable de Nishane Hacivat. Elle s&#8217;ouvre sur des notes fra\u00eeches de bergamote, citron, ananas et poivre, \u00e9voluant vers un c\u0153ur floral (jasmin, muguet) et un fond bois\u00e9, ambr\u00e9 et musqu\u00e9. Ce parfum est d\u00e9crit comme charismatique, durable et id\u00e9al pour ceux qui recherchent une senteur sophistiqu\u00e9e et forte.<\/p>","protected":false},"excerpt":{"rendered":"<p>Valor Chivalry de Khadlaj est une eau de parfum puissante et unisexe, c\u00e9l\u00e8bre pour \u00eatre un clone abordable de Nishane Hacivat. Elle s&#8217;ouvre sur des notes fra\u00eeches de bergamote, citron, ananas et poivre, \u00e9voluant vers un c\u0153ur floral (jasmin, muguet) et un fond bois\u00e9, ambr\u00e9 et musqu\u00e9. Ce parfum est d\u00e9crit comme charismatique, durable et id\u00e9al pour ceux qui recherchent une senteur sophistiqu\u00e9e et forte.<\/p>","protected":false},"featured_media":415,"comment_status":"open","ping_status":"closed","template":"","meta":[],"product_brand":[],"product_cat":[70],"product_tag":[73],"class_list":{"0":"post-410","1":"product","2":"type-product","3":"status-publish","4":"has-post-thumbnail","6":"product_cat-parfums","7":"product_tag-parfums","9":"first","10":"instock","11":"downloadable","12":"shipping-taxable","13":"purchasable","14":"product-type-simple"},"_links":{"self":[{"href":"https:\/\/grandeur-authentique.com\/fr\/wp-json\/wp\/v2\/product\/410","targetHints":{"allow":["GET"]}}],"collection":[{"href":"https:\/\/grandeur-authentique.com\/fr\/wp-json\/wp\/v2\/product"}],"about":[{"href":"https:\/\/grandeur-authentique.com\/fr\/wp-json\/wp\/v2\/types\/product"}],"replies":[{"embeddable":true,"href":"https:\/\/grandeur-authentique.com\/fr\/wp-json\/wp\/v2\/comments?post=410"}],"wp:featuredmedia":[{"embeddable":true,"href":"https:\/\/grandeur-authentique.com\/fr\/wp-json\/wp\/v2\/media\/415"}],"wp:attachment":[{"href":"https:\/\/grandeur-authentique.com\/fr\/wp-json\/wp\/v2\/media?parent=410"}],"wp:term":[{"taxonomy":"product_brand","embeddable":true,"href":"https:\/\/grandeur-authentique.com\/fr\/wp-json\/wp\/v2\/product_brand?post=410"},{"taxonomy":"product_cat","embeddable":true,"href":"https:\/\/grandeur-authentique.com\/fr\/wp-json\/wp\/v2\/product_cat?post=410"},{"taxonomy":"product_tag","embeddable":true,"href":"https:\/\/grandeur-authentique.com\/fr\/wp-json\/wp\/v2\/product_tag?post=410"}],"curies":[{"name":"wp","href":"https:\/\/api.w.org\/{rel}","templated":true}]}}