{"id":411,"date":"2026-03-16T22:18:05","date_gmt":"2026-03-16T22:18:05","guid":{"rendered":"https:\/\/grandeur-authentique.com\/?post_type=product&#038;p=411"},"modified":"2026-03-16T22:18:06","modified_gmt":"2026-03-16T22:18:06","slug":"valor-honor-de-khadlaj","status":"publish","type":"product","link":"https:\/\/grandeur-authentique.com\/fr\/produit\/valor-honor-de-khadlaj\/","title":{"rendered":"VALOR HONOR DE KHADLAJ"},"content":{"rendered":"<p>Valor Honor de Khadlaj est une eau de parfum masculine de la famille olfactive orientale marine, sortie en 2024. Il c\u00e9l\u00e8bre la force et la dignit\u00e9 avec des notes de t\u00eate de sel et brise marine, un c\u0153ur de labdanum (ou ciste), et un fond d&#8217;ambre sec, mousse de ch\u00eane et musc blanc.<span class=\"Apple-converted-space\">\u00a0<\/span><\/p>","protected":false},"excerpt":{"rendered":"<p>Valor Honor de Khadlaj est une eau de parfum masculine de la famille olfactive orientale marine, sortie en 2024. Il c\u00e9l\u00e8bre la force et la dignit\u00e9 avec des notes de t\u00eate de sel et brise marine, un c\u0153ur de labdanum (ou ciste), et un fond d&#8217;ambre sec, mousse de ch\u00eane et musc blanc.<\/p>","protected":false},"featured_media":420,"comment_status":"open","ping_status":"closed","template":"","meta":[],"product_brand":[],"product_cat":[70],"product_tag":[73],"class_list":{"0":"post-411","1":"product","2":"type-product","3":"status-publish","4":"has-post-thumbnail","6":"product_cat-parfums","7":"product_tag-parfums","9":"first","10":"instock","11":"shipping-taxable","12":"purchasable","13":"product-type-simple"},"_links":{"self":[{"href":"https:\/\/grandeur-authentique.com\/fr\/wp-json\/wp\/v2\/product\/411","targetHints":{"allow":["GET"]}}],"collection":[{"href":"https:\/\/grandeur-authentique.com\/fr\/wp-json\/wp\/v2\/product"}],"about":[{"href":"https:\/\/grandeur-authentique.com\/fr\/wp-json\/wp\/v2\/types\/product"}],"replies":[{"embeddable":true,"href":"https:\/\/grandeur-authentique.com\/fr\/wp-json\/wp\/v2\/comments?post=411"}],"wp:featuredmedia":[{"embeddable":true,"href":"https:\/\/grandeur-authentique.com\/fr\/wp-json\/wp\/v2\/media\/420"}],"wp:attachment":[{"href":"https:\/\/grandeur-authentique.com\/fr\/wp-json\/wp\/v2\/media?parent=411"}],"wp:term":[{"taxonomy":"product_brand","embeddable":true,"href":"https:\/\/grandeur-authentique.com\/fr\/wp-json\/wp\/v2\/product_brand?post=411"},{"taxonomy":"product_cat","embeddable":true,"href":"https:\/\/grandeur-authentique.com\/fr\/wp-json\/wp\/v2\/product_cat?post=411"},{"taxonomy":"product_tag","embeddable":true,"href":"https:\/\/grandeur-authentique.com\/fr\/wp-json\/wp\/v2\/product_tag?post=411"}],"curies":[{"name":"wp","href":"https:\/\/api.w.org\/{rel}","templated":true}]}}