{"id":412,"date":"2026-03-16T22:19:00","date_gmt":"2026-03-16T22:19:00","guid":{"rendered":"https:\/\/grandeur-authentique.com\/?post_type=product&#038;p=412"},"modified":"2026-03-16T22:20:56","modified_gmt":"2026-03-16T22:20:56","slug":"al-haramain-noir-french-collection","status":"publish","type":"product","link":"https:\/\/grandeur-authentique.com\/fr\/produit\/al-haramain-noir-french-collection\/","title":{"rendered":"AL HARAMAIN NOIR (FRENCH COLLECTION)"},"content":{"rendered":"<p>Al Haramain Noir (French Collection) est une eau de parfum unisexe bois\u00e9e et \u00e9pic\u00e9e<span class=\"Apple-converted-space\">\u00a0 <\/span>offrant une exp\u00e9rience olfactive intense et sophistiqu\u00e9e. Alliant la puissance orientale \u00e0 l&#8217;\u00e9l\u00e9gance fran\u00e7aise, il se distingue par des notes de t\u00eate de poivre noir, n\u00e9roli et pamplemousse.<span class=\"Apple-converted-space\">\u00a0<\/span><\/p>","protected":false},"excerpt":{"rendered":"<p>Al Haramain Noir (French Collection) est une eau de parfum unisexe bois\u00e9e et \u00e9pic\u00e9e<span class=\"Apple-converted-space\">\u00a0 <\/span>offrant une exp\u00e9rience olfactive intense et sophistiqu\u00e9e. Alliant la puissance orientale \u00e0 l&#8217;\u00e9l\u00e9gance fran\u00e7aise, il se distingue par des notes de t\u00eate de poivre noir, n\u00e9roli et pamplemousse.<span class=\"Apple-converted-space\">\u00a0<\/span><\/p>","protected":false},"featured_media":419,"comment_status":"open","ping_status":"closed","template":"","meta":[],"product_brand":[],"product_cat":[70],"product_tag":[73],"class_list":{"0":"post-412","1":"product","2":"type-product","3":"status-publish","4":"has-post-thumbnail","6":"product_cat-parfums","7":"product_tag-parfums","9":"first","10":"instock","11":"shipping-taxable","12":"purchasable","13":"product-type-simple"},"_links":{"self":[{"href":"https:\/\/grandeur-authentique.com\/fr\/wp-json\/wp\/v2\/product\/412","targetHints":{"allow":["GET"]}}],"collection":[{"href":"https:\/\/grandeur-authentique.com\/fr\/wp-json\/wp\/v2\/product"}],"about":[{"href":"https:\/\/grandeur-authentique.com\/fr\/wp-json\/wp\/v2\/types\/product"}],"replies":[{"embeddable":true,"href":"https:\/\/grandeur-authentique.com\/fr\/wp-json\/wp\/v2\/comments?post=412"}],"wp:featuredmedia":[{"embeddable":true,"href":"https:\/\/grandeur-authentique.com\/fr\/wp-json\/wp\/v2\/media\/419"}],"wp:attachment":[{"href":"https:\/\/grandeur-authentique.com\/fr\/wp-json\/wp\/v2\/media?parent=412"}],"wp:term":[{"taxonomy":"product_brand","embeddable":true,"href":"https:\/\/grandeur-authentique.com\/fr\/wp-json\/wp\/v2\/product_brand?post=412"},{"taxonomy":"product_cat","embeddable":true,"href":"https:\/\/grandeur-authentique.com\/fr\/wp-json\/wp\/v2\/product_cat?post=412"},{"taxonomy":"product_tag","embeddable":true,"href":"https:\/\/grandeur-authentique.com\/fr\/wp-json\/wp\/v2\/product_tag?post=412"}],"curies":[{"name":"wp","href":"https:\/\/api.w.org\/{rel}","templated":true}]}}