{"id":425,"date":"2026-03-16T22:25:10","date_gmt":"2026-03-16T22:25:10","guid":{"rendered":"https:\/\/grandeur-authentique.com\/?post_type=product&#038;p=425"},"modified":"2026-03-16T22:25:10","modified_gmt":"2026-03-16T22:25:10","slug":"haramain-blanche","status":"publish","type":"product","link":"https:\/\/grandeur-authentique.com\/fr\/produit\/haramain-blanche\/","title":{"rendered":"HARAMAIN BLANCHE"},"content":{"rendered":"<p>Le parfum Al Haramain Blanche (souvent associ\u00e9 \u00e0 la French Collection) est une fragrance mixte, \u00e9l\u00e9gante et captivante, m\u00ealant des notes fruit\u00e9es\/citronn\u00e9es, florales et bois\u00e9es. Il offre un sillage frais, poudr\u00e9 et sensuel avec des notes de litchi, rose, pivoine, musc et bois de c\u00e8dre, parfait pour une utilisation quotidienne.<\/p>","protected":false},"excerpt":{"rendered":"<p>Le parfum Al Haramain Blanche (souvent associ\u00e9 \u00e0 la French Collection) est une fragrance mixte, \u00e9l\u00e9gante et captivante, m\u00ealant des notes fruit\u00e9es\/citronn\u00e9es, florales et bois\u00e9es. Il offre un sillage frais, poudr\u00e9 et sensuel avec des notes de litchi, rose, pivoine, musc et bois de c\u00e8dre, parfait pour une utilisation quotidienne.<\/p>","protected":false},"featured_media":423,"comment_status":"open","ping_status":"closed","template":"","meta":[],"product_brand":[],"product_cat":[70],"product_tag":[73],"class_list":{"0":"post-425","1":"product","2":"type-product","3":"status-publish","4":"has-post-thumbnail","6":"product_cat-parfums","7":"product_tag-parfums","9":"first","10":"instock","11":"shipping-taxable","12":"purchasable","13":"product-type-simple"},"_links":{"self":[{"href":"https:\/\/grandeur-authentique.com\/fr\/wp-json\/wp\/v2\/product\/425","targetHints":{"allow":["GET"]}}],"collection":[{"href":"https:\/\/grandeur-authentique.com\/fr\/wp-json\/wp\/v2\/product"}],"about":[{"href":"https:\/\/grandeur-authentique.com\/fr\/wp-json\/wp\/v2\/types\/product"}],"replies":[{"embeddable":true,"href":"https:\/\/grandeur-authentique.com\/fr\/wp-json\/wp\/v2\/comments?post=425"}],"wp:featuredmedia":[{"embeddable":true,"href":"https:\/\/grandeur-authentique.com\/fr\/wp-json\/wp\/v2\/media\/423"}],"wp:attachment":[{"href":"https:\/\/grandeur-authentique.com\/fr\/wp-json\/wp\/v2\/media?parent=425"}],"wp:term":[{"taxonomy":"product_brand","embeddable":true,"href":"https:\/\/grandeur-authentique.com\/fr\/wp-json\/wp\/v2\/product_brand?post=425"},{"taxonomy":"product_cat","embeddable":true,"href":"https:\/\/grandeur-authentique.com\/fr\/wp-json\/wp\/v2\/product_cat?post=425"},{"taxonomy":"product_tag","embeddable":true,"href":"https:\/\/grandeur-authentique.com\/fr\/wp-json\/wp\/v2\/product_tag?post=425"}],"curies":[{"name":"wp","href":"https:\/\/api.w.org\/{rel}","templated":true}]}}