{"id":427,"date":"2026-03-16T22:30:55","date_gmt":"2026-03-16T22:30:55","guid":{"rendered":"https:\/\/grandeur-authentique.com\/?post_type=product&#038;p=427"},"modified":"2026-03-16T22:30:55","modified_gmt":"2026-03-16T22:30:55","slug":"la-fede-intoxicate-blue-elixir","status":"publish","type":"product","link":"https:\/\/grandeur-authentique.com\/fr\/produit\/la-fede-intoxicate-blue-elixir\/","title":{"rendered":"LA FEDE INTOXICATE BLUE ELIXIR"},"content":{"rendered":"<p>La Fede Intoxicate Blue Elixir de Khadlaj est une eau de parfum orientale foug\u00e8re pour homme, sortie en 2024. C&#8217;est un parfum captivant, doux et gourmand, alliant la fra\u00eecheur de la lavande et de la menthe, le miel, la vanille, et un fond chaleureux de f\u00e8ve tonka et de tabac. Id\u00e9al pour une tenue longue dur\u00e9e.<span class=\"Apple-converted-space\">\u00a0<\/span><\/p>","protected":false},"excerpt":{"rendered":"<p>La Fede Intoxicate Blue Elixir de Khadlaj est une eau de parfum orientale foug\u00e8re pour homme, sortie en 2024. C&#8217;est un parfum captivant, doux et gourmand, alliant la fra\u00eecheur de la lavande et de la menthe, le miel, la vanille, et un fond chaleureux de f\u00e8ve tonka et de tabac. Id\u00e9al pour une tenue longue dur\u00e9e.<span class=\"Apple-converted-space\">\u00a0<\/span><\/p>","protected":false},"featured_media":439,"comment_status":"open","ping_status":"closed","template":"","meta":[],"product_brand":[],"product_cat":[70],"product_tag":[73],"class_list":{"0":"post-427","1":"product","2":"type-product","3":"status-publish","4":"has-post-thumbnail","6":"product_cat-parfums","7":"product_tag-parfums","9":"first","10":"instock","11":"shipping-taxable","12":"purchasable","13":"product-type-simple"},"_links":{"self":[{"href":"https:\/\/grandeur-authentique.com\/fr\/wp-json\/wp\/v2\/product\/427","targetHints":{"allow":["GET"]}}],"collection":[{"href":"https:\/\/grandeur-authentique.com\/fr\/wp-json\/wp\/v2\/product"}],"about":[{"href":"https:\/\/grandeur-authentique.com\/fr\/wp-json\/wp\/v2\/types\/product"}],"replies":[{"embeddable":true,"href":"https:\/\/grandeur-authentique.com\/fr\/wp-json\/wp\/v2\/comments?post=427"}],"wp:featuredmedia":[{"embeddable":true,"href":"https:\/\/grandeur-authentique.com\/fr\/wp-json\/wp\/v2\/media\/439"}],"wp:attachment":[{"href":"https:\/\/grandeur-authentique.com\/fr\/wp-json\/wp\/v2\/media?parent=427"}],"wp:term":[{"taxonomy":"product_brand","embeddable":true,"href":"https:\/\/grandeur-authentique.com\/fr\/wp-json\/wp\/v2\/product_brand?post=427"},{"taxonomy":"product_cat","embeddable":true,"href":"https:\/\/grandeur-authentique.com\/fr\/wp-json\/wp\/v2\/product_cat?post=427"},{"taxonomy":"product_tag","embeddable":true,"href":"https:\/\/grandeur-authentique.com\/fr\/wp-json\/wp\/v2\/product_tag?post=427"}],"curies":[{"name":"wp","href":"https:\/\/api.w.org\/{rel}","templated":true}]}}