{"id":428,"date":"2026-03-16T22:31:56","date_gmt":"2026-03-16T22:31:56","guid":{"rendered":"https:\/\/grandeur-authentique.com\/?post_type=product&#038;p=428"},"modified":"2026-03-16T22:31:56","modified_gmt":"2026-03-16T22:31:56","slug":"haramain-gold-crystal-sapphire","status":"publish","type":"product","link":"https:\/\/grandeur-authentique.com\/fr\/produit\/haramain-gold-crystal-sapphire\/","title":{"rendered":"HARAMAIN GOLD CRYSTAL SAPPHIRE"},"content":{"rendered":"<p>Haramain Gold Crystal Sapphire de Al Haramain Perfumes est un extrait de parfum mixte (unisexe) lanc\u00e9 en 2024, offrant une fragrance bois\u00e9e et aromatique luxueuse. Il s&#8217;ouvre sur des notes fra\u00eeches de citron, bergamote et galbanum, suivies d&#8217;un c\u0153ur de lavande, g\u00e9ranium et jasmin, le tout sur un fond chaud de c\u00e8dre, musc et bois de santal.<span class=\"Apple-converted-space\">\u00a0<\/span><\/p>","protected":false},"excerpt":{"rendered":"<p>Haramain Gold Crystal Sapphire de Al Haramain Perfumes est un extrait de parfum mixte (unisexe) lanc\u00e9 en 2024, offrant une fragrance bois\u00e9e et aromatique luxueuse. Il s&#8217;ouvre sur des notes fra\u00eeches de citron, bergamote et galbanum, suivies d&#8217;un c\u0153ur de lavande, g\u00e9ranium et jasmin, le tout sur un fond chaud de c\u00e8dre, musc et bois de santal.<span class=\"Apple-converted-space\">\u00a0<\/span><\/p>","protected":false},"featured_media":442,"comment_status":"open","ping_status":"closed","template":"","meta":[],"product_brand":[],"product_cat":[70],"product_tag":[73],"class_list":{"0":"post-428","1":"product","2":"type-product","3":"status-publish","4":"has-post-thumbnail","6":"product_cat-parfums","7":"product_tag-parfums","9":"first","10":"instock","11":"shipping-taxable","12":"purchasable","13":"product-type-simple"},"_links":{"self":[{"href":"https:\/\/grandeur-authentique.com\/fr\/wp-json\/wp\/v2\/product\/428","targetHints":{"allow":["GET"]}}],"collection":[{"href":"https:\/\/grandeur-authentique.com\/fr\/wp-json\/wp\/v2\/product"}],"about":[{"href":"https:\/\/grandeur-authentique.com\/fr\/wp-json\/wp\/v2\/types\/product"}],"replies":[{"embeddable":true,"href":"https:\/\/grandeur-authentique.com\/fr\/wp-json\/wp\/v2\/comments?post=428"}],"wp:featuredmedia":[{"embeddable":true,"href":"https:\/\/grandeur-authentique.com\/fr\/wp-json\/wp\/v2\/media\/442"}],"wp:attachment":[{"href":"https:\/\/grandeur-authentique.com\/fr\/wp-json\/wp\/v2\/media?parent=428"}],"wp:term":[{"taxonomy":"product_brand","embeddable":true,"href":"https:\/\/grandeur-authentique.com\/fr\/wp-json\/wp\/v2\/product_brand?post=428"},{"taxonomy":"product_cat","embeddable":true,"href":"https:\/\/grandeur-authentique.com\/fr\/wp-json\/wp\/v2\/product_cat?post=428"},{"taxonomy":"product_tag","embeddable":true,"href":"https:\/\/grandeur-authentique.com\/fr\/wp-json\/wp\/v2\/product_tag?post=428"}],"curies":[{"name":"wp","href":"https:\/\/api.w.org\/{rel}","templated":true}]}}