{"id":429,"date":"2026-03-16T22:32:52","date_gmt":"2026-03-16T22:32:52","guid":{"rendered":"https:\/\/grandeur-authentique.com\/?post_type=product&#038;p=429"},"modified":"2026-03-16T22:32:52","modified_gmt":"2026-03-16T22:32:52","slug":"al-haramain-gold-crystal-oudh","status":"publish","type":"product","link":"https:\/\/grandeur-authentique.com\/fr\/produit\/al-haramain-gold-crystal-oudh\/","title":{"rendered":"AL HARAMAIN GOLD CRYSTAL OUDH"},"content":{"rendered":"<p>Al Haramain Gold Crystal Oudh (lanc\u00e9 en 2024) est un extrait de parfum oriental floral mixte, caract\u00e9ris\u00e9 par une intensit\u00e9 luxueuse. Il s&#8217;ouvre sur des notes \u00e9pic\u00e9es de poivre rose et sauge sclar\u00e9e, \u00e9voluant vers un c\u0153ur floral (ylang-ylang, jasmin) et une base chaude d&#8217;oud et d&#8217;ambre. C&#8217;est une fragrance myst\u00e9rieuse et puissante.<\/p>","protected":false},"excerpt":{"rendered":"<p>Al Haramain Gold Crystal Oudh (lanc\u00e9 en 2024) est un extrait de parfum oriental floral mixte, caract\u00e9ris\u00e9 par une intensit\u00e9 luxueuse. Il s&#8217;ouvre sur des notes \u00e9pic\u00e9es de poivre rose et sauge sclar\u00e9e, \u00e9voluant vers un c\u0153ur floral (ylang-ylang, jasmin) et une base chaude d&#8217;oud et d&#8217;ambre. C&#8217;est une fragrance myst\u00e9rieuse et puissante.<\/p>","protected":false},"featured_media":444,"comment_status":"open","ping_status":"closed","template":"","meta":[],"product_brand":[],"product_cat":[70],"product_tag":[73],"class_list":{"0":"post-429","1":"product","2":"type-product","3":"status-publish","4":"has-post-thumbnail","6":"product_cat-parfums","7":"product_tag-parfums","9":"first","10":"instock","11":"shipping-taxable","12":"purchasable","13":"product-type-simple"},"_links":{"self":[{"href":"https:\/\/grandeur-authentique.com\/fr\/wp-json\/wp\/v2\/product\/429","targetHints":{"allow":["GET"]}}],"collection":[{"href":"https:\/\/grandeur-authentique.com\/fr\/wp-json\/wp\/v2\/product"}],"about":[{"href":"https:\/\/grandeur-authentique.com\/fr\/wp-json\/wp\/v2\/types\/product"}],"replies":[{"embeddable":true,"href":"https:\/\/grandeur-authentique.com\/fr\/wp-json\/wp\/v2\/comments?post=429"}],"wp:featuredmedia":[{"embeddable":true,"href":"https:\/\/grandeur-authentique.com\/fr\/wp-json\/wp\/v2\/media\/444"}],"wp:attachment":[{"href":"https:\/\/grandeur-authentique.com\/fr\/wp-json\/wp\/v2\/media?parent=429"}],"wp:term":[{"taxonomy":"product_brand","embeddable":true,"href":"https:\/\/grandeur-authentique.com\/fr\/wp-json\/wp\/v2\/product_brand?post=429"},{"taxonomy":"product_cat","embeddable":true,"href":"https:\/\/grandeur-authentique.com\/fr\/wp-json\/wp\/v2\/product_cat?post=429"},{"taxonomy":"product_tag","embeddable":true,"href":"https:\/\/grandeur-authentique.com\/fr\/wp-json\/wp\/v2\/product_tag?post=429"}],"curies":[{"name":"wp","href":"https:\/\/api.w.org\/{rel}","templated":true}]}}