{"id":430,"date":"2026-03-16T22:34:03","date_gmt":"2026-03-16T22:34:03","guid":{"rendered":"https:\/\/grandeur-authentique.com\/?post_type=product&#038;p=430"},"modified":"2026-03-16T22:34:03","modified_gmt":"2026-03-16T22:34:03","slug":"al-haramain-amber-oud","status":"publish","type":"product","link":"https:\/\/grandeur-authentique.com\/fr\/produit\/al-haramain-amber-oud\/","title":{"rendered":"AL HARAMAIN AMBER OUD"},"content":{"rendered":"<p>Al Haramain Amber Oud (version classique\/Original) est une eau de parfum mixte bois\u00e9e-orientale lanc\u00e9e en 2018. Il se caract\u00e9rise par une ouverture fra\u00eeche de romarin et d&#8217;agrumes, \u00e9voluant vers un c\u0153ur \u00e9pic\u00e9 et bois\u00e9 (c\u00e8dre, ga\u00efac), pour finir sur un fond riche et durable d&#8217;ambre, de r\u00e9sine et de musc, offrant un sillage puissant et sophistiqu\u00e9.<\/p>","protected":false},"excerpt":{"rendered":"<p>Al Haramain Amber Oud (version classique\/Original) est une eau de parfum mixte bois\u00e9e-orientale lanc\u00e9e en 2018. Il se caract\u00e9rise par une ouverture fra\u00eeche de romarin et d&#8217;agrumes, \u00e9voluant vers un c\u0153ur \u00e9pic\u00e9 et bois\u00e9 (c\u00e8dre, ga\u00efac), pour finir sur un fond riche et durable d&#8217;ambre, de r\u00e9sine et de musc, offrant un sillage puissant et sophistiqu\u00e9.<\/p>","protected":false},"featured_media":437,"comment_status":"open","ping_status":"closed","template":"","meta":[],"product_brand":[],"product_cat":[70],"product_tag":[73],"class_list":{"0":"post-430","1":"product","2":"type-product","3":"status-publish","4":"has-post-thumbnail","6":"product_cat-parfums","7":"product_tag-parfums","9":"first","10":"instock","11":"shipping-taxable","12":"purchasable","13":"product-type-simple"},"_links":{"self":[{"href":"https:\/\/grandeur-authentique.com\/fr\/wp-json\/wp\/v2\/product\/430","targetHints":{"allow":["GET"]}}],"collection":[{"href":"https:\/\/grandeur-authentique.com\/fr\/wp-json\/wp\/v2\/product"}],"about":[{"href":"https:\/\/grandeur-authentique.com\/fr\/wp-json\/wp\/v2\/types\/product"}],"replies":[{"embeddable":true,"href":"https:\/\/grandeur-authentique.com\/fr\/wp-json\/wp\/v2\/comments?post=430"}],"wp:featuredmedia":[{"embeddable":true,"href":"https:\/\/grandeur-authentique.com\/fr\/wp-json\/wp\/v2\/media\/437"}],"wp:attachment":[{"href":"https:\/\/grandeur-authentique.com\/fr\/wp-json\/wp\/v2\/media?parent=430"}],"wp:term":[{"taxonomy":"product_brand","embeddable":true,"href":"https:\/\/grandeur-authentique.com\/fr\/wp-json\/wp\/v2\/product_brand?post=430"},{"taxonomy":"product_cat","embeddable":true,"href":"https:\/\/grandeur-authentique.com\/fr\/wp-json\/wp\/v2\/product_cat?post=430"},{"taxonomy":"product_tag","embeddable":true,"href":"https:\/\/grandeur-authentique.com\/fr\/wp-json\/wp\/v2\/product_tag?post=430"}],"curies":[{"name":"wp","href":"https:\/\/api.w.org\/{rel}","templated":true}]}}