{"id":432,"date":"2026-03-16T22:37:00","date_gmt":"2026-03-16T22:37:00","guid":{"rendered":"https:\/\/grandeur-authentique.com\/?post_type=product&#038;p=432"},"modified":"2026-03-16T22:37:00","modified_gmt":"2026-03-16T22:37:00","slug":"qissati-callina-sharqiyat","status":"publish","type":"product","link":"https:\/\/grandeur-authentique.com\/fr\/produit\/qissati-callina-sharqiyat\/","title":{"rendered":"QISSATI CALLINA SHARQIYAT"},"content":{"rendered":"<p>Qissati Callina Sharqiyat (par Khalis Perfumes) est une Eau de Parfum unisexe luxueuse et sophistiqu\u00e9e, m\u00e9langeant des notes fruit\u00e9es, bois\u00e9es et \u00e9pic\u00e9es. Ce parfum durable s&#8217;ouvre sur de la bergamote fra\u00eeche, de la pomme verte et du shinus molle (poivre rose), avec un c\u0153ur de cachemire et d&#8217;iris, sur un fond de f\u00e8ve tonka.<span class=\"Apple-converted-space\">\u00a0<\/span><\/p>","protected":false},"excerpt":{"rendered":"<p>Qissati Callina Sharqiyat (par Khalis Perfumes) est une Eau de Parfum unisexe luxueuse et sophistiqu\u00e9e, m\u00e9langeant des notes fruit\u00e9es, bois\u00e9es et \u00e9pic\u00e9es. Ce parfum durable s&#8217;ouvre sur de la bergamote fra\u00eeche, de la pomme verte et du shinus molle (poivre rose), avec un c\u0153ur de cachemire et d&#8217;iris, sur un fond de f\u00e8ve tonka.<span class=\"Apple-converted-space\">\u00a0<\/span><\/p>","protected":false},"featured_media":440,"comment_status":"open","ping_status":"closed","template":"","meta":[],"product_brand":[],"product_cat":[70],"product_tag":[73],"class_list":{"0":"post-432","1":"product","2":"type-product","3":"status-publish","4":"has-post-thumbnail","6":"product_cat-parfums","7":"product_tag-parfums","9":"first","10":"instock","11":"shipping-taxable","12":"purchasable","13":"product-type-simple"},"_links":{"self":[{"href":"https:\/\/grandeur-authentique.com\/fr\/wp-json\/wp\/v2\/product\/432","targetHints":{"allow":["GET"]}}],"collection":[{"href":"https:\/\/grandeur-authentique.com\/fr\/wp-json\/wp\/v2\/product"}],"about":[{"href":"https:\/\/grandeur-authentique.com\/fr\/wp-json\/wp\/v2\/types\/product"}],"replies":[{"embeddable":true,"href":"https:\/\/grandeur-authentique.com\/fr\/wp-json\/wp\/v2\/comments?post=432"}],"wp:featuredmedia":[{"embeddable":true,"href":"https:\/\/grandeur-authentique.com\/fr\/wp-json\/wp\/v2\/media\/440"}],"wp:attachment":[{"href":"https:\/\/grandeur-authentique.com\/fr\/wp-json\/wp\/v2\/media?parent=432"}],"wp:term":[{"taxonomy":"product_brand","embeddable":true,"href":"https:\/\/grandeur-authentique.com\/fr\/wp-json\/wp\/v2\/product_brand?post=432"},{"taxonomy":"product_cat","embeddable":true,"href":"https:\/\/grandeur-authentique.com\/fr\/wp-json\/wp\/v2\/product_cat?post=432"},{"taxonomy":"product_tag","embeddable":true,"href":"https:\/\/grandeur-authentique.com\/fr\/wp-json\/wp\/v2\/product_tag?post=432"}],"curies":[{"name":"wp","href":"https:\/\/api.w.org\/{rel}","templated":true}]}}