{"id":433,"date":"2026-03-16T22:38:06","date_gmt":"2026-03-16T22:38:06","guid":{"rendered":"https:\/\/grandeur-authentique.com\/?post_type=product&#038;p=433"},"modified":"2026-03-16T22:38:06","modified_gmt":"2026-03-16T22:38:06","slug":"leau-de-parfum-sharqiyat-karma","status":"publish","type":"product","link":"https:\/\/grandeur-authentique.com\/fr\/produit\/leau-de-parfum-sharqiyat-karma\/","title":{"rendered":"L&#8217;EAU DE PARFUM SHARQIYAT KARMA"},"content":{"rendered":"<p>L&#8217;Eau de Parfum Sharqiyat Karma (100 ml) est un parfum oriental mixte de la maison Khalis, con\u00e7u pour \u00eatre luxueux et sensuel. Il se distingue par ses notes exotiques chaleureuses, m\u00ealant principalement l&#8217;ambre, le oud et le musc pour offrir une signature olfactive intense et durable, id\u00e9ale pour toutes les occasions.<span class=\"Apple-converted-space\">\u00a0<\/span><\/p>","protected":false},"excerpt":{"rendered":"<p>L&#8217;Eau de Parfum Sharqiyat Karma (100 ml) est un parfum oriental mixte de la maison Khalis, con\u00e7u pour \u00eatre luxueux et sensuel. Il se distingue par ses notes exotiques chaleureuses, m\u00ealant principalement l&#8217;ambre, le oud et le musc pour offrir une signature olfactive intense et durable, id\u00e9ale pour toutes les occasions.<span class=\"Apple-converted-space\">\u00a0<\/span><\/p>","protected":false},"featured_media":443,"comment_status":"open","ping_status":"closed","template":"","meta":[],"product_brand":[],"product_cat":[70],"product_tag":[73],"class_list":{"0":"post-433","1":"product","2":"type-product","3":"status-publish","4":"has-post-thumbnail","6":"product_cat-parfums","7":"product_tag-parfums","9":"first","10":"instock","11":"shipping-taxable","12":"purchasable","13":"product-type-simple"},"_links":{"self":[{"href":"https:\/\/grandeur-authentique.com\/fr\/wp-json\/wp\/v2\/product\/433","targetHints":{"allow":["GET"]}}],"collection":[{"href":"https:\/\/grandeur-authentique.com\/fr\/wp-json\/wp\/v2\/product"}],"about":[{"href":"https:\/\/grandeur-authentique.com\/fr\/wp-json\/wp\/v2\/types\/product"}],"replies":[{"embeddable":true,"href":"https:\/\/grandeur-authentique.com\/fr\/wp-json\/wp\/v2\/comments?post=433"}],"wp:featuredmedia":[{"embeddable":true,"href":"https:\/\/grandeur-authentique.com\/fr\/wp-json\/wp\/v2\/media\/443"}],"wp:attachment":[{"href":"https:\/\/grandeur-authentique.com\/fr\/wp-json\/wp\/v2\/media?parent=433"}],"wp:term":[{"taxonomy":"product_brand","embeddable":true,"href":"https:\/\/grandeur-authentique.com\/fr\/wp-json\/wp\/v2\/product_brand?post=433"},{"taxonomy":"product_cat","embeddable":true,"href":"https:\/\/grandeur-authentique.com\/fr\/wp-json\/wp\/v2\/product_cat?post=433"},{"taxonomy":"product_tag","embeddable":true,"href":"https:\/\/grandeur-authentique.com\/fr\/wp-json\/wp\/v2\/product_tag?post=433"}],"curies":[{"name":"wp","href":"https:\/\/api.w.org\/{rel}","templated":true}]}}