{"id":434,"date":"2026-03-16T22:38:50","date_gmt":"2026-03-16T22:38:50","guid":{"rendered":"https:\/\/grandeur-authentique.com\/?post_type=product&#038;p=434"},"modified":"2026-03-16T22:38:50","modified_gmt":"2026-03-16T22:38:50","slug":"jawad-al-layl-de-khalis","status":"publish","type":"product","link":"https:\/\/grandeur-authentique.com\/fr\/produit\/jawad-al-layl-de-khalis\/","title":{"rendered":"JAWAD AL LAYL DE KHALIS"},"content":{"rendered":"<p>Jawad Al Layl de Khalis est un parfum oriental gourmand mixte, appr\u00e9ci\u00e9 pour son m\u00e9lange sucr\u00e9 et chaleureux de caramel, de vanille et d&#8217;oud. Cette fragrance riche, souvent disponible en eau de parfum ou huile, \u00e9quilibre des notes florales, des \u00e9pices, des agrumes et des accents poudr\u00e9s, id\u00e9ale pour une ambiance sensuelle et \u00e9l\u00e9gante.<\/p>","protected":false},"excerpt":{"rendered":"<p>Jawad Al Layl de Khalis est un parfum oriental gourmand mixte, appr\u00e9ci\u00e9 pour son m\u00e9lange sucr\u00e9 et chaleureux de caramel, de vanille et d&#8217;oud. Cette fragrance riche, souvent disponible en eau de parfum ou huile, \u00e9quilibre des notes florales, des \u00e9pices, des agrumes et des accents poudr\u00e9s, id\u00e9ale pour une ambiance sensuelle et \u00e9l\u00e9gante.<\/p>","protected":false},"featured_media":441,"comment_status":"open","ping_status":"closed","template":"","meta":[],"product_brand":[],"product_cat":[70],"product_tag":[73],"class_list":{"0":"post-434","1":"product","2":"type-product","3":"status-publish","4":"has-post-thumbnail","6":"product_cat-parfums","7":"product_tag-parfums","9":"first","10":"instock","11":"shipping-taxable","12":"purchasable","13":"product-type-simple"},"_links":{"self":[{"href":"https:\/\/grandeur-authentique.com\/fr\/wp-json\/wp\/v2\/product\/434","targetHints":{"allow":["GET"]}}],"collection":[{"href":"https:\/\/grandeur-authentique.com\/fr\/wp-json\/wp\/v2\/product"}],"about":[{"href":"https:\/\/grandeur-authentique.com\/fr\/wp-json\/wp\/v2\/types\/product"}],"replies":[{"embeddable":true,"href":"https:\/\/grandeur-authentique.com\/fr\/wp-json\/wp\/v2\/comments?post=434"}],"wp:featuredmedia":[{"embeddable":true,"href":"https:\/\/grandeur-authentique.com\/fr\/wp-json\/wp\/v2\/media\/441"}],"wp:attachment":[{"href":"https:\/\/grandeur-authentique.com\/fr\/wp-json\/wp\/v2\/media?parent=434"}],"wp:term":[{"taxonomy":"product_brand","embeddable":true,"href":"https:\/\/grandeur-authentique.com\/fr\/wp-json\/wp\/v2\/product_brand?post=434"},{"taxonomy":"product_cat","embeddable":true,"href":"https:\/\/grandeur-authentique.com\/fr\/wp-json\/wp\/v2\/product_cat?post=434"},{"taxonomy":"product_tag","embeddable":true,"href":"https:\/\/grandeur-authentique.com\/fr\/wp-json\/wp\/v2\/product_tag?post=434"}],"curies":[{"name":"wp","href":"https:\/\/api.w.org\/{rel}","templated":true}]}}