{"id":445,"date":"2026-03-16T22:44:45","date_gmt":"2026-03-16T22:44:45","guid":{"rendered":"https:\/\/grandeur-authentique.com\/?post_type=product&#038;p=445"},"modified":"2026-03-16T22:44:45","modified_gmt":"2026-03-16T22:44:45","slug":"sheikh-al-shuyukh-de-lattafa","status":"publish","type":"product","link":"https:\/\/grandeur-authentique.com\/fr\/produit\/sheikh-al-shuyukh-de-lattafa\/","title":{"rendered":"SHEIKH AL SHUYUKH DE LATTAFA"},"content":{"rendered":"<p>Sheikh Al Shuyukh de Lattafa est une eau de parfum orientale mixte, caract\u00e9ris\u00e9e par un m\u00e9lange chaud et intense de bois d&#8217;agar (oud), de c\u00e8dre, de patchouli et de v\u00e9tiver. Cette fragrance raffin\u00e9e offre un sillage bois\u00e9 et terreux avec des notes \u00e9pic\u00e9es et herbac\u00e9es, id\u00e9ale pour une tenue longue dur\u00e9e.<span class=\"Apple-converted-space\">\u00a0<\/span><\/p>","protected":false},"excerpt":{"rendered":"<p>Sheikh Al Shuyukh de Lattafa est une eau de parfum orientale mixte, caract\u00e9ris\u00e9e par un m\u00e9lange chaud et intense de bois d&#8217;agar (oud), de c\u00e8dre, de patchouli et de v\u00e9tiver. Cette fragrance raffin\u00e9e offre un sillage bois\u00e9 et terreux avec des notes \u00e9pic\u00e9es et herbac\u00e9es, id\u00e9ale pour une tenue longue dur\u00e9e.<span class=\"Apple-converted-space\">\u00a0<\/span><\/p>","protected":false},"featured_media":436,"comment_status":"open","ping_status":"closed","template":"","meta":[],"product_brand":[],"product_cat":[70],"product_tag":[73],"class_list":{"0":"post-445","1":"product","2":"type-product","3":"status-publish","4":"has-post-thumbnail","6":"product_cat-parfums","7":"product_tag-parfums","9":"first","10":"instock","11":"shipping-taxable","12":"purchasable","13":"product-type-simple"},"_links":{"self":[{"href":"https:\/\/grandeur-authentique.com\/fr\/wp-json\/wp\/v2\/product\/445","targetHints":{"allow":["GET"]}}],"collection":[{"href":"https:\/\/grandeur-authentique.com\/fr\/wp-json\/wp\/v2\/product"}],"about":[{"href":"https:\/\/grandeur-authentique.com\/fr\/wp-json\/wp\/v2\/types\/product"}],"replies":[{"embeddable":true,"href":"https:\/\/grandeur-authentique.com\/fr\/wp-json\/wp\/v2\/comments?post=445"}],"wp:featuredmedia":[{"embeddable":true,"href":"https:\/\/grandeur-authentique.com\/fr\/wp-json\/wp\/v2\/media\/436"}],"wp:attachment":[{"href":"https:\/\/grandeur-authentique.com\/fr\/wp-json\/wp\/v2\/media?parent=445"}],"wp:term":[{"taxonomy":"product_brand","embeddable":true,"href":"https:\/\/grandeur-authentique.com\/fr\/wp-json\/wp\/v2\/product_brand?post=445"},{"taxonomy":"product_cat","embeddable":true,"href":"https:\/\/grandeur-authentique.com\/fr\/wp-json\/wp\/v2\/product_cat?post=445"},{"taxonomy":"product_tag","embeddable":true,"href":"https:\/\/grandeur-authentique.com\/fr\/wp-json\/wp\/v2\/product_tag?post=445"}],"curies":[{"name":"wp","href":"https:\/\/api.w.org\/{rel}","templated":true}]}}