{"id":446,"date":"2026-03-16T22:45:39","date_gmt":"2026-03-16T22:45:39","guid":{"rendered":"https:\/\/grandeur-authentique.com\/?post_type=product&#038;p=446"},"modified":"2026-03-16T22:45:39","modified_gmt":"2026-03-16T22:45:39","slug":"khadlaj-maison-epoque-artistique","status":"publish","type":"product","link":"https:\/\/grandeur-authentique.com\/fr\/produit\/khadlaj-maison-epoque-artistique\/","title":{"rendered":"KHADLAJ MAISON EPOQUE ARTISTIQUE"},"content":{"rendered":"<p>Khadlaj Maison Epoque Artistique est une eau de parfum unisexe de luxe qui fusionne l&#8217;\u00e9l\u00e9gance classique et la modernit\u00e9. cette fragrance orientale et bois\u00e9e rend hommage aux \u00e9poques artistiques avec un m\u00e9lange sophistiqu\u00e9 de lavande, d&#8217;iris et d&#8217;ambre.<span class=\"Apple-converted-space\">\u00a0<\/span><\/p>","protected":false},"excerpt":{"rendered":"<p>Khadlaj Maison Epoque Artistique est une eau de parfum unisexe de luxe qui fusionne l&#8217;\u00e9l\u00e9gance classique et la modernit\u00e9. cette fragrance orientale et bois\u00e9e rend hommage aux \u00e9poques artistiques avec un m\u00e9lange sophistiqu\u00e9 de lavande, d&#8217;iris et d&#8217;ambre.<span class=\"Apple-converted-space\">\u00a0<\/span><\/p>","protected":false},"featured_media":435,"comment_status":"open","ping_status":"closed","template":"","meta":[],"product_brand":[],"product_cat":[70],"product_tag":[73],"class_list":{"0":"post-446","1":"product","2":"type-product","3":"status-publish","4":"has-post-thumbnail","6":"product_cat-parfums","7":"product_tag-parfums","9":"first","10":"instock","11":"shipping-taxable","12":"purchasable","13":"product-type-simple"},"_links":{"self":[{"href":"https:\/\/grandeur-authentique.com\/fr\/wp-json\/wp\/v2\/product\/446","targetHints":{"allow":["GET"]}}],"collection":[{"href":"https:\/\/grandeur-authentique.com\/fr\/wp-json\/wp\/v2\/product"}],"about":[{"href":"https:\/\/grandeur-authentique.com\/fr\/wp-json\/wp\/v2\/types\/product"}],"replies":[{"embeddable":true,"href":"https:\/\/grandeur-authentique.com\/fr\/wp-json\/wp\/v2\/comments?post=446"}],"wp:featuredmedia":[{"embeddable":true,"href":"https:\/\/grandeur-authentique.com\/fr\/wp-json\/wp\/v2\/media\/435"}],"wp:attachment":[{"href":"https:\/\/grandeur-authentique.com\/fr\/wp-json\/wp\/v2\/media?parent=446"}],"wp:term":[{"taxonomy":"product_brand","embeddable":true,"href":"https:\/\/grandeur-authentique.com\/fr\/wp-json\/wp\/v2\/product_brand?post=446"},{"taxonomy":"product_cat","embeddable":true,"href":"https:\/\/grandeur-authentique.com\/fr\/wp-json\/wp\/v2\/product_cat?post=446"},{"taxonomy":"product_tag","embeddable":true,"href":"https:\/\/grandeur-authentique.com\/fr\/wp-json\/wp\/v2\/product_tag?post=446"}],"curies":[{"name":"wp","href":"https:\/\/api.w.org\/{rel}","templated":true}]}}