{"id":447,"date":"2026-03-16T22:47:36","date_gmt":"2026-03-16T22:47:36","guid":{"rendered":"https:\/\/grandeur-authentique.com\/?post_type=product&#038;p=447"},"modified":"2026-03-16T22:47:36","modified_gmt":"2026-03-16T22:47:36","slug":"maison-creation-de-reve","status":"publish","type":"product","link":"https:\/\/grandeur-authentique.com\/fr\/produit\/maison-creation-de-reve\/","title":{"rendered":"MAISON CR\u00c9ATION DE R\u00caVE"},"content":{"rendered":"<p>Maison Cr\u00e9ation de R\u00eave par Khadlaj Perfumes est une eau de parfum unisexe captivante lanc\u00e9e en 2023, offrant une exp\u00e9rience olfactive bois\u00e9e, \u00e9pic\u00e9e et mystique. Ce parfum sophistiqu\u00e9 s&#8217;ouvre sur du poivre et de l&#8217;encens, \u00e9volue vers un c\u0153ur d&#8217;ambroxan et de v\u00e9tiver, et repose sur des notes de fond de c\u00e8dre et de ga\u00efac.<\/p>","protected":false},"excerpt":{"rendered":"<p>Maison Cr\u00e9ation de R\u00eave par Khadlaj Perfumes est une eau de parfum unisexe captivante lanc\u00e9e en 2023, offrant une exp\u00e9rience olfactive bois\u00e9e, \u00e9pic\u00e9e et mystique. Ce parfum sophistiqu\u00e9 s&#8217;ouvre sur du poivre et de l&#8217;encens, \u00e9volue vers un c\u0153ur d&#8217;ambroxan et de v\u00e9tiver, et repose sur des notes de fond de c\u00e8dre et de ga\u00efac.<\/p>","protected":false},"featured_media":455,"comment_status":"open","ping_status":"closed","template":"","meta":[],"product_brand":[],"product_cat":[70],"product_tag":[73],"class_list":{"0":"post-447","1":"product","2":"type-product","3":"status-publish","4":"has-post-thumbnail","6":"product_cat-parfums","7":"product_tag-parfums","9":"first","10":"instock","11":"shipping-taxable","12":"purchasable","13":"product-type-simple"},"_links":{"self":[{"href":"https:\/\/grandeur-authentique.com\/fr\/wp-json\/wp\/v2\/product\/447","targetHints":{"allow":["GET"]}}],"collection":[{"href":"https:\/\/grandeur-authentique.com\/fr\/wp-json\/wp\/v2\/product"}],"about":[{"href":"https:\/\/grandeur-authentique.com\/fr\/wp-json\/wp\/v2\/types\/product"}],"replies":[{"embeddable":true,"href":"https:\/\/grandeur-authentique.com\/fr\/wp-json\/wp\/v2\/comments?post=447"}],"wp:featuredmedia":[{"embeddable":true,"href":"https:\/\/grandeur-authentique.com\/fr\/wp-json\/wp\/v2\/media\/455"}],"wp:attachment":[{"href":"https:\/\/grandeur-authentique.com\/fr\/wp-json\/wp\/v2\/media?parent=447"}],"wp:term":[{"taxonomy":"product_brand","embeddable":true,"href":"https:\/\/grandeur-authentique.com\/fr\/wp-json\/wp\/v2\/product_brand?post=447"},{"taxonomy":"product_cat","embeddable":true,"href":"https:\/\/grandeur-authentique.com\/fr\/wp-json\/wp\/v2\/product_cat?post=447"},{"taxonomy":"product_tag","embeddable":true,"href":"https:\/\/grandeur-authentique.com\/fr\/wp-json\/wp\/v2\/product_tag?post=447"}],"curies":[{"name":"wp","href":"https:\/\/api.w.org\/{rel}","templated":true}]}}