{"id":448,"date":"2026-03-16T22:50:24","date_gmt":"2026-03-16T22:50:24","guid":{"rendered":"https:\/\/grandeur-authentique.com\/?post_type=product&#038;p=448"},"modified":"2026-03-16T22:50:24","modified_gmt":"2026-03-16T22:50:24","slug":"revolte-delicate-de-antinomie","status":"publish","type":"product","link":"https:\/\/grandeur-authentique.com\/fr\/produit\/revolte-delicate-de-antinomie\/","title":{"rendered":"R\u00c9VOLTE D\u00c9LICATE DE ANTINOMIE"},"content":{"rendered":"<p>La description recherch\u00e9e semble concerner R\u00e9volte D\u00e9licate de Antinomie, un parfum oriental floral lanc\u00e9 en 2024. Il s&#8217;agit d&#8217;une fragrance unisexe sophistiqu\u00e9e cr\u00e9\u00e9e par Bertrand Duchaufour, m\u00ealant des notes de t\u00eate sucr\u00e9es et \u00e9pic\u00e9es (grenadine, fraise, poivre rose) \u00e0 un c\u0153ur floral (rose, pivoine) et un fond bois\u00e9 ambr\u00e9.<\/p>","protected":false},"excerpt":{"rendered":"<p>La description recherch\u00e9e semble concerner R\u00e9volte D\u00e9licate de Antinomie, un parfum oriental floral lanc\u00e9 en 2024. Il s&#8217;agit d&#8217;une fragrance unisexe sophistiqu\u00e9e cr\u00e9\u00e9e par Bertrand Duchaufour, m\u00ealant des notes de t\u00eate sucr\u00e9es et \u00e9pic\u00e9es (grenadine, fraise, poivre rose) \u00e0 un c\u0153ur floral (rose, pivoine) et un fond bois\u00e9 ambr\u00e9.<\/p>","protected":false},"featured_media":458,"comment_status":"open","ping_status":"closed","template":"","meta":[],"product_brand":[],"product_cat":[70],"product_tag":[73],"class_list":{"0":"post-448","1":"product","2":"type-product","3":"status-publish","4":"has-post-thumbnail","6":"product_cat-parfums","7":"product_tag-parfums","9":"first","10":"instock","11":"shipping-taxable","12":"purchasable","13":"product-type-simple"},"_links":{"self":[{"href":"https:\/\/grandeur-authentique.com\/fr\/wp-json\/wp\/v2\/product\/448","targetHints":{"allow":["GET"]}}],"collection":[{"href":"https:\/\/grandeur-authentique.com\/fr\/wp-json\/wp\/v2\/product"}],"about":[{"href":"https:\/\/grandeur-authentique.com\/fr\/wp-json\/wp\/v2\/types\/product"}],"replies":[{"embeddable":true,"href":"https:\/\/grandeur-authentique.com\/fr\/wp-json\/wp\/v2\/comments?post=448"}],"wp:featuredmedia":[{"embeddable":true,"href":"https:\/\/grandeur-authentique.com\/fr\/wp-json\/wp\/v2\/media\/458"}],"wp:attachment":[{"href":"https:\/\/grandeur-authentique.com\/fr\/wp-json\/wp\/v2\/media?parent=448"}],"wp:term":[{"taxonomy":"product_brand","embeddable":true,"href":"https:\/\/grandeur-authentique.com\/fr\/wp-json\/wp\/v2\/product_brand?post=448"},{"taxonomy":"product_cat","embeddable":true,"href":"https:\/\/grandeur-authentique.com\/fr\/wp-json\/wp\/v2\/product_cat?post=448"},{"taxonomy":"product_tag","embeddable":true,"href":"https:\/\/grandeur-authentique.com\/fr\/wp-json\/wp\/v2\/product_tag?post=448"}],"curies":[{"name":"wp","href":"https:\/\/api.w.org\/{rel}","templated":true}]}}