{"id":449,"date":"2026-03-16T22:51:16","date_gmt":"2026-03-16T22:51:16","guid":{"rendered":"https:\/\/grandeur-authentique.com\/?post_type=product&#038;p=449"},"modified":"2026-03-16T22:51:17","modified_gmt":"2026-03-16T22:51:17","slug":"coveted-shade-par-la-fede","status":"publish","type":"product","link":"https:\/\/grandeur-authentique.com\/fr\/produit\/coveted-shade-par-la-fede\/","title":{"rendered":"COVETED SHADE PAR LA FEDE"},"content":{"rendered":"<p>Coveted Shade par La Fede (Khadlaj Perfumes) est une eau de parfum mixte (unisex) rafra\u00eechissante et hesp\u00e9rid\u00e9e, id\u00e9ale pour les journ\u00e9es chaudes. Ce parfum se caract\u00e9rise par des notes de t\u00eate d&#8217;agrumes (bergamote, orange, mandarine), un c\u0153ur \u00e9pic\u00e9 de gingembre et une base agrum\u00e9e persistante. Il \u00e9voque une sensation de libert\u00e9 et de fra\u00eecheur.<span class=\"Apple-converted-space\">\u00a0<\/span><\/p>","protected":false},"excerpt":{"rendered":"<p>Coveted Shade par La Fede (Khadlaj Perfumes) est une eau de parfum mixte (unisex) rafra\u00eechissante et hesp\u00e9rid\u00e9e, id\u00e9ale pour les journ\u00e9es chaudes. Ce parfum se caract\u00e9rise par des notes de t\u00eate d&#8217;agrumes (bergamote, orange, mandarine), un c\u0153ur \u00e9pic\u00e9 de gingembre et une base agrum\u00e9e persistante. Il \u00e9voque une sensation de libert\u00e9 et de fra\u00eecheur.<span class=\"Apple-converted-space\">\u00a0<\/span><\/p>","protected":false},"featured_media":462,"comment_status":"open","ping_status":"closed","template":"","meta":[],"product_brand":[],"product_cat":[70],"product_tag":[73],"class_list":{"0":"post-449","1":"product","2":"type-product","3":"status-publish","4":"has-post-thumbnail","6":"product_cat-parfums","7":"product_tag-parfums","9":"first","10":"instock","11":"shipping-taxable","12":"purchasable","13":"product-type-simple"},"_links":{"self":[{"href":"https:\/\/grandeur-authentique.com\/fr\/wp-json\/wp\/v2\/product\/449","targetHints":{"allow":["GET"]}}],"collection":[{"href":"https:\/\/grandeur-authentique.com\/fr\/wp-json\/wp\/v2\/product"}],"about":[{"href":"https:\/\/grandeur-authentique.com\/fr\/wp-json\/wp\/v2\/types\/product"}],"replies":[{"embeddable":true,"href":"https:\/\/grandeur-authentique.com\/fr\/wp-json\/wp\/v2\/comments?post=449"}],"wp:featuredmedia":[{"embeddable":true,"href":"https:\/\/grandeur-authentique.com\/fr\/wp-json\/wp\/v2\/media\/462"}],"wp:attachment":[{"href":"https:\/\/grandeur-authentique.com\/fr\/wp-json\/wp\/v2\/media?parent=449"}],"wp:term":[{"taxonomy":"product_brand","embeddable":true,"href":"https:\/\/grandeur-authentique.com\/fr\/wp-json\/wp\/v2\/product_brand?post=449"},{"taxonomy":"product_cat","embeddable":true,"href":"https:\/\/grandeur-authentique.com\/fr\/wp-json\/wp\/v2\/product_cat?post=449"},{"taxonomy":"product_tag","embeddable":true,"href":"https:\/\/grandeur-authentique.com\/fr\/wp-json\/wp\/v2\/product_tag?post=449"}],"curies":[{"name":"wp","href":"https:\/\/api.w.org\/{rel}","templated":true}]}}