{"id":451,"date":"2026-03-16T22:53:11","date_gmt":"2026-03-16T22:53:11","guid":{"rendered":"https:\/\/grandeur-authentique.com\/?post_type=product&#038;p=451"},"modified":"2026-03-16T22:53:11","modified_gmt":"2026-03-16T22:53:11","slug":"rama-eau-de-parfum","status":"publish","type":"product","link":"https:\/\/grandeur-authentique.com\/fr\/produit\/rama-eau-de-parfum\/","title":{"rendered":"RAMA EAU DE PARFUM"},"content":{"rendered":"<p>Rama Eau de Parfum de la marque Reval.<span class=\"Apple-converted-space\">\u00a0<\/span><\/p>\n<p>C&#8217;est une fragrance luxueuse con\u00e7ue pour les femmes, inspir\u00e9e par la beaut\u00e9 de la nature et des fleurs. Le parfum Rama propose une composition \u00e0 la fois chaude et rafra\u00eechissante, structur\u00e9e autour des notes de t\u00eate ( safran ) , Notes de c\u0153ur ( rose et jasmin ).<span class=\"Apple-converted-space\">\u00a0<\/span><\/p>\n<p>Cette combinaison en fait un parfum polyvalent, adapt\u00e9 aussi bien \u00e0 un usage quotidien qu&#8217;\u00e0 des occasions sp\u00e9ciales, visant \u00e0 apporter une touche d&#8217;\u00e9l\u00e9gance et de confiance \u00e0 celle qui le porte.<\/p>","protected":false},"excerpt":{"rendered":"<p>Rama Eau de Parfum de la marque Reval.<span class=\"Apple-converted-space\">\u00a0<\/span><\/p>\n<p>C&#8217;est une fragrance luxueuse con\u00e7ue pour les femmes, inspir\u00e9e par la beaut\u00e9 de la nature et des fleurs. Le parfum Rama propose une composition \u00e0 la fois chaude et rafra\u00eechissante, structur\u00e9e autour des notes de t\u00eate ( safran ) , Notes de c\u0153ur ( rose et jasmin ).<span class=\"Apple-converted-space\">\u00a0<\/span><\/p>\n<p>Cette combinaison en fait un parfum polyvalent, adapt\u00e9 aussi bien \u00e0 un usage quotidien qu&#8217;\u00e0 des occasions sp\u00e9ciales, visant \u00e0 apporter une touche d&#8217;\u00e9l\u00e9gance et de confiance \u00e0 celle qui le porte.<\/p>","protected":false},"featured_media":464,"comment_status":"open","ping_status":"closed","template":"","meta":[],"product_brand":[],"product_cat":[70],"product_tag":[73],"class_list":{"0":"post-451","1":"product","2":"type-product","3":"status-publish","4":"has-post-thumbnail","6":"product_cat-parfums","7":"product_tag-parfums","9":"first","10":"instock","11":"shipping-taxable","12":"purchasable","13":"product-type-simple"},"_links":{"self":[{"href":"https:\/\/grandeur-authentique.com\/fr\/wp-json\/wp\/v2\/product\/451","targetHints":{"allow":["GET"]}}],"collection":[{"href":"https:\/\/grandeur-authentique.com\/fr\/wp-json\/wp\/v2\/product"}],"about":[{"href":"https:\/\/grandeur-authentique.com\/fr\/wp-json\/wp\/v2\/types\/product"}],"replies":[{"embeddable":true,"href":"https:\/\/grandeur-authentique.com\/fr\/wp-json\/wp\/v2\/comments?post=451"}],"wp:featuredmedia":[{"embeddable":true,"href":"https:\/\/grandeur-authentique.com\/fr\/wp-json\/wp\/v2\/media\/464"}],"wp:attachment":[{"href":"https:\/\/grandeur-authentique.com\/fr\/wp-json\/wp\/v2\/media?parent=451"}],"wp:term":[{"taxonomy":"product_brand","embeddable":true,"href":"https:\/\/grandeur-authentique.com\/fr\/wp-json\/wp\/v2\/product_brand?post=451"},{"taxonomy":"product_cat","embeddable":true,"href":"https:\/\/grandeur-authentique.com\/fr\/wp-json\/wp\/v2\/product_cat?post=451"},{"taxonomy":"product_tag","embeddable":true,"href":"https:\/\/grandeur-authentique.com\/fr\/wp-json\/wp\/v2\/product_tag?post=451"}],"curies":[{"name":"wp","href":"https:\/\/api.w.org\/{rel}","templated":true}]}}