{"id":452,"date":"2026-03-16T22:54:11","date_gmt":"2026-03-16T22:54:11","guid":{"rendered":"https:\/\/grandeur-authentique.com\/?post_type=product&#038;p=452"},"modified":"2026-03-16T22:54:11","modified_gmt":"2026-03-16T22:54:11","slug":"khadlaj-sensuous-night-eau-de-parfum-spray","status":"publish","type":"product","link":"https:\/\/grandeur-authentique.com\/fr\/produit\/khadlaj-sensuous-night-eau-de-parfum-spray\/","title":{"rendered":"KHADLAJ SENSUOUS NIGHT EAU DE PARFUM SPRAY"},"content":{"rendered":"<p>Khadlaj Sensuous Night Eau de Parfum Spray<\/p>\n<p>Plus qu&#8217;un simple parfum, Khadlaj Sensuous Night Eau de Parfum Spray est une invitation \u00e0 un monde de soir\u00e9es captivantes remplies d&#8217;intrigues et de sensualit\u00e9. Cette eau de parfum con\u00e7u pour les femmes combine une symphonie de notes fruit\u00e9es, florales et bois\u00e9es pour cr\u00e9er une exp\u00e9rience olfactive inoubliable.<\/p>","protected":false},"excerpt":{"rendered":"<p>Khadlaj Sensuous Night Eau de Parfum Spray<\/p>\n<p>Plus qu&#8217;un simple parfum, Khadlaj Sensuous Night Eau de Parfum Spray est une invitation \u00e0 un monde de soir\u00e9es captivantes remplies d&#8217;intrigues et de sensualit\u00e9. Cette eau de parfum con\u00e7u pour les femmes combine une symphonie de notes fruit\u00e9es, florales et bois\u00e9es pour cr\u00e9er une exp\u00e9rience olfactive inoubliable.<\/p>","protected":false},"featured_media":457,"comment_status":"open","ping_status":"closed","template":"","meta":[],"product_brand":[],"product_cat":[70],"product_tag":[73],"class_list":{"0":"post-452","1":"product","2":"type-product","3":"status-publish","4":"has-post-thumbnail","6":"product_cat-parfums","7":"product_tag-parfums","9":"first","10":"instock","11":"shipping-taxable","12":"purchasable","13":"product-type-simple"},"_links":{"self":[{"href":"https:\/\/grandeur-authentique.com\/fr\/wp-json\/wp\/v2\/product\/452","targetHints":{"allow":["GET"]}}],"collection":[{"href":"https:\/\/grandeur-authentique.com\/fr\/wp-json\/wp\/v2\/product"}],"about":[{"href":"https:\/\/grandeur-authentique.com\/fr\/wp-json\/wp\/v2\/types\/product"}],"replies":[{"embeddable":true,"href":"https:\/\/grandeur-authentique.com\/fr\/wp-json\/wp\/v2\/comments?post=452"}],"wp:featuredmedia":[{"embeddable":true,"href":"https:\/\/grandeur-authentique.com\/fr\/wp-json\/wp\/v2\/media\/457"}],"wp:attachment":[{"href":"https:\/\/grandeur-authentique.com\/fr\/wp-json\/wp\/v2\/media?parent=452"}],"wp:term":[{"taxonomy":"product_brand","embeddable":true,"href":"https:\/\/grandeur-authentique.com\/fr\/wp-json\/wp\/v2\/product_brand?post=452"},{"taxonomy":"product_cat","embeddable":true,"href":"https:\/\/grandeur-authentique.com\/fr\/wp-json\/wp\/v2\/product_cat?post=452"},{"taxonomy":"product_tag","embeddable":true,"href":"https:\/\/grandeur-authentique.com\/fr\/wp-json\/wp\/v2\/product_tag?post=452"}],"curies":[{"name":"wp","href":"https:\/\/api.w.org\/{rel}","templated":true}]}}