{"id":454,"date":"2026-03-16T22:56:40","date_gmt":"2026-03-16T22:56:40","guid":{"rendered":"https:\/\/grandeur-authentique.com\/?post_type=product&#038;p=454"},"modified":"2026-03-16T22:56:40","modified_gmt":"2026-03-16T22:56:40","slug":"leau-de-parfum-rodina","status":"publish","type":"product","link":"https:\/\/grandeur-authentique.com\/fr\/produit\/leau-de-parfum-rodina\/","title":{"rendered":"L&#8217;EAU DE PARFUM RODINA"},"content":{"rendered":"<p>l&#8217;eau de parfum Rodina de la marque Revol est<span class=\"Apple-converted-space\">\u00a0 <\/span>une fragrance masculine conditionn\u00e9e en flacon de 100 ml. Bien que les notes sp\u00e9cifiques de &#8220;Rodina&#8221; ne soient pas toutes d\u00e9taill\u00e9es, les fragrances de cette ligne incluent souvent des m\u00e9langes de pamplemousse, de mangue et de fleurs d&#8217;oranger.<span class=\"Apple-converted-space\">\u00a0<\/span><\/p>","protected":false},"excerpt":{"rendered":"<p>l&#8217;eau de parfum Rodina de la marque Revol est<span class=\"Apple-converted-space\">\u00a0 <\/span>une fragrance masculine conditionn\u00e9e en flacon de 100 ml. Bien que les notes sp\u00e9cifiques de &#8220;Rodina&#8221; ne soient pas toutes d\u00e9taill\u00e9es, les fragrances de cette ligne incluent souvent des m\u00e9langes de pamplemousse, de mangue et de fleurs d&#8217;oranger.<span class=\"Apple-converted-space\">\u00a0<\/span><\/p>","protected":false},"featured_media":460,"comment_status":"open","ping_status":"closed","template":"","meta":[],"product_brand":[],"product_cat":[70],"product_tag":[73],"class_list":{"0":"post-454","1":"product","2":"type-product","3":"status-publish","4":"has-post-thumbnail","6":"product_cat-parfums","7":"product_tag-parfums","9":"first","10":"instock","11":"shipping-taxable","12":"purchasable","13":"product-type-simple"},"_links":{"self":[{"href":"https:\/\/grandeur-authentique.com\/fr\/wp-json\/wp\/v2\/product\/454","targetHints":{"allow":["GET"]}}],"collection":[{"href":"https:\/\/grandeur-authentique.com\/fr\/wp-json\/wp\/v2\/product"}],"about":[{"href":"https:\/\/grandeur-authentique.com\/fr\/wp-json\/wp\/v2\/types\/product"}],"replies":[{"embeddable":true,"href":"https:\/\/grandeur-authentique.com\/fr\/wp-json\/wp\/v2\/comments?post=454"}],"wp:featuredmedia":[{"embeddable":true,"href":"https:\/\/grandeur-authentique.com\/fr\/wp-json\/wp\/v2\/media\/460"}],"wp:attachment":[{"href":"https:\/\/grandeur-authentique.com\/fr\/wp-json\/wp\/v2\/media?parent=454"}],"wp:term":[{"taxonomy":"product_brand","embeddable":true,"href":"https:\/\/grandeur-authentique.com\/fr\/wp-json\/wp\/v2\/product_brand?post=454"},{"taxonomy":"product_cat","embeddable":true,"href":"https:\/\/grandeur-authentique.com\/fr\/wp-json\/wp\/v2\/product_cat?post=454"},{"taxonomy":"product_tag","embeddable":true,"href":"https:\/\/grandeur-authentique.com\/fr\/wp-json\/wp\/v2\/product_tag?post=454"}],"curies":[{"name":"wp","href":"https:\/\/api.w.org\/{rel}","templated":true}]}}