{"id":466,"date":"2026-03-17T00:25:38","date_gmt":"2026-03-17T00:25:38","guid":{"rendered":"https:\/\/grandeur-authentique.com\/?post_type=product&#038;p=466"},"modified":"2026-03-17T00:26:42","modified_gmt":"2026-03-17T00:26:42","slug":"oud-aswad-de-khalis","status":"publish","type":"product","link":"https:\/\/grandeur-authentique.com\/fr\/produit\/oud-aswad-de-khalis\/","title":{"rendered":"OUD ASWAD DE KHALIS"},"content":{"rendered":"<p>Oud Aswad de Khalis est une eau de parfum orientale mixte, intense et sophistiqu\u00e9e, caract\u00e9ris\u00e9e par un m\u00e9lange riche de oud (bois d&#8217;agar), d&#8217;\u00e9pices chaudes et de notes bois\u00e9es. Id\u00e9al pour le soir, ce parfum offre une exp\u00e9rience olfactive profonde avec des accents d&#8217;ambre, de rose et de bois pr\u00e9cieux, \u00e9voquant myst\u00e8re et s\u00e9duction.<\/p>","protected":false},"excerpt":{"rendered":"<p>Oud Aswad de Khalis est une eau de parfum orientale mixte, intense et sophistiqu\u00e9e, caract\u00e9ris\u00e9e par un m\u00e9lange riche de oud (bois d&#8217;agar), d&#8217;\u00e9pices chaudes et de notes bois\u00e9es. Id\u00e9al pour le soir, ce parfum offre une exp\u00e9rience olfactive profonde avec des accents d&#8217;ambre, de rose et de bois pr\u00e9cieux, \u00e9voquant myst\u00e8re et s\u00e9duction.<\/p>","protected":false},"featured_media":463,"comment_status":"open","ping_status":"closed","template":"","meta":[],"product_brand":[],"product_cat":[70],"product_tag":[73],"class_list":{"0":"post-466","1":"product","2":"type-product","3":"status-publish","4":"has-post-thumbnail","6":"product_cat-parfums","7":"product_tag-parfums","9":"first","10":"instock","11":"shipping-taxable","12":"purchasable","13":"product-type-simple"},"_links":{"self":[{"href":"https:\/\/grandeur-authentique.com\/fr\/wp-json\/wp\/v2\/product\/466","targetHints":{"allow":["GET"]}}],"collection":[{"href":"https:\/\/grandeur-authentique.com\/fr\/wp-json\/wp\/v2\/product"}],"about":[{"href":"https:\/\/grandeur-authentique.com\/fr\/wp-json\/wp\/v2\/types\/product"}],"replies":[{"embeddable":true,"href":"https:\/\/grandeur-authentique.com\/fr\/wp-json\/wp\/v2\/comments?post=466"}],"wp:featuredmedia":[{"embeddable":true,"href":"https:\/\/grandeur-authentique.com\/fr\/wp-json\/wp\/v2\/media\/463"}],"wp:attachment":[{"href":"https:\/\/grandeur-authentique.com\/fr\/wp-json\/wp\/v2\/media?parent=466"}],"wp:term":[{"taxonomy":"product_brand","embeddable":true,"href":"https:\/\/grandeur-authentique.com\/fr\/wp-json\/wp\/v2\/product_brand?post=466"},{"taxonomy":"product_cat","embeddable":true,"href":"https:\/\/grandeur-authentique.com\/fr\/wp-json\/wp\/v2\/product_cat?post=466"},{"taxonomy":"product_tag","embeddable":true,"href":"https:\/\/grandeur-authentique.com\/fr\/wp-json\/wp\/v2\/product_tag?post=466"}],"curies":[{"name":"wp","href":"https:\/\/api.w.org\/{rel}","templated":true}]}}