{"id":467,"date":"2026-03-17T00:27:38","date_gmt":"2026-03-17T00:27:38","guid":{"rendered":"https:\/\/grandeur-authentique.com\/?post_type=product&#038;p=467"},"modified":"2026-03-17T00:27:39","modified_gmt":"2026-03-17T00:27:39","slug":"asten-galloping","status":"publish","type":"product","link":"https:\/\/grandeur-authentique.com\/fr\/produit\/asten-galloping\/","title":{"rendered":"ASTEN GALLOPING"},"content":{"rendered":"<p>Asten Galloping est une eau de parfum pour homme (parfois d\u00e9crite comme unisexe) qui incarne la force, la sophistication et l&#8217;aventure. Ce parfum arabe audacieux, pr\u00e9sent\u00e9 dans un flacon de 100 ml, se caract\u00e9rise par un profil bois\u00e9 et \u00e9pic\u00e9 avec des notes de cuir, d&#8217;ambre et de safran, id\u00e9al pour le soir.<span class=\"Apple-converted-space\">\u00a0<\/span><\/p>","protected":false},"excerpt":{"rendered":"<p>Asten Galloping est une eau de parfum pour homme (parfois d\u00e9crite comme unisexe) qui incarne la force, la sophistication et l&#8217;aventure. Ce parfum arabe audacieux, pr\u00e9sent\u00e9 dans un flacon de 100 ml, se caract\u00e9rise par un profil bois\u00e9 et \u00e9pic\u00e9 avec des notes de cuir, d&#8217;ambre et de safran, id\u00e9al pour le soir.<span class=\"Apple-converted-space\">\u00a0<\/span><\/p>","protected":false},"featured_media":465,"comment_status":"open","ping_status":"closed","template":"","meta":[],"product_brand":[],"product_cat":[70],"product_tag":[73],"class_list":{"0":"post-467","1":"product","2":"type-product","3":"status-publish","4":"has-post-thumbnail","6":"product_cat-parfums","7":"product_tag-parfums","9":"first","10":"instock","11":"shipping-taxable","12":"purchasable","13":"product-type-simple"},"_links":{"self":[{"href":"https:\/\/grandeur-authentique.com\/fr\/wp-json\/wp\/v2\/product\/467","targetHints":{"allow":["GET"]}}],"collection":[{"href":"https:\/\/grandeur-authentique.com\/fr\/wp-json\/wp\/v2\/product"}],"about":[{"href":"https:\/\/grandeur-authentique.com\/fr\/wp-json\/wp\/v2\/types\/product"}],"replies":[{"embeddable":true,"href":"https:\/\/grandeur-authentique.com\/fr\/wp-json\/wp\/v2\/comments?post=467"}],"wp:featuredmedia":[{"embeddable":true,"href":"https:\/\/grandeur-authentique.com\/fr\/wp-json\/wp\/v2\/media\/465"}],"wp:attachment":[{"href":"https:\/\/grandeur-authentique.com\/fr\/wp-json\/wp\/v2\/media?parent=467"}],"wp:term":[{"taxonomy":"product_brand","embeddable":true,"href":"https:\/\/grandeur-authentique.com\/fr\/wp-json\/wp\/v2\/product_brand?post=467"},{"taxonomy":"product_cat","embeddable":true,"href":"https:\/\/grandeur-authentique.com\/fr\/wp-json\/wp\/v2\/product_cat?post=467"},{"taxonomy":"product_tag","embeddable":true,"href":"https:\/\/grandeur-authentique.com\/fr\/wp-json\/wp\/v2\/product_tag?post=467"}],"curies":[{"name":"wp","href":"https:\/\/api.w.org\/{rel}","templated":true}]}}