{"id":468,"date":"2026-03-17T00:28:57","date_gmt":"2026-03-17T00:28:57","guid":{"rendered":"https:\/\/grandeur-authentique.com\/?post_type=product&#038;p=468"},"modified":"2026-03-17T00:28:57","modified_gmt":"2026-03-17T00:28:57","slug":"amaran-micado","status":"publish","type":"product","link":"https:\/\/grandeur-authentique.com\/fr\/produit\/amaran-micado\/","title":{"rendered":"AMARAN MICADO"},"content":{"rendered":"<p>Amaran Micado Pour Elle (ou Micado by Amaran) est une Eau de Parfum f\u00e9minine de 100 ml, con\u00e7ue aux \u00c9mirats Arabes Unis. C&#8217;est un parfum floral oriental, souvent d\u00e9crit comme sophistiqu\u00e9 et durable, id\u00e9al pour un usage quotidien avec des notes fruit\u00e9es, florales et musqu\u00e9es.<span class=\"Apple-converted-space\">\u00a0<\/span><\/p>","protected":false},"excerpt":{"rendered":"<p>Amaran Micado Pour Elle (ou Micado by Amaran) est une Eau de Parfum f\u00e9minine de 100 ml, con\u00e7ue aux \u00c9mirats Arabes Unis. C&#8217;est un parfum floral oriental, souvent d\u00e9crit comme sophistiqu\u00e9 et durable, id\u00e9al pour un usage quotidien avec des notes fruit\u00e9es, florales et musqu\u00e9es.<span class=\"Apple-converted-space\">\u00a0<\/span><\/p>","protected":false},"featured_media":456,"comment_status":"open","ping_status":"closed","template":"","meta":[],"product_brand":[],"product_cat":[70],"product_tag":[73],"class_list":{"0":"post-468","1":"product","2":"type-product","3":"status-publish","4":"has-post-thumbnail","6":"product_cat-parfums","7":"product_tag-parfums","9":"first","10":"instock","11":"shipping-taxable","12":"purchasable","13":"product-type-simple"},"_links":{"self":[{"href":"https:\/\/grandeur-authentique.com\/fr\/wp-json\/wp\/v2\/product\/468","targetHints":{"allow":["GET"]}}],"collection":[{"href":"https:\/\/grandeur-authentique.com\/fr\/wp-json\/wp\/v2\/product"}],"about":[{"href":"https:\/\/grandeur-authentique.com\/fr\/wp-json\/wp\/v2\/types\/product"}],"replies":[{"embeddable":true,"href":"https:\/\/grandeur-authentique.com\/fr\/wp-json\/wp\/v2\/comments?post=468"}],"wp:featuredmedia":[{"embeddable":true,"href":"https:\/\/grandeur-authentique.com\/fr\/wp-json\/wp\/v2\/media\/456"}],"wp:attachment":[{"href":"https:\/\/grandeur-authentique.com\/fr\/wp-json\/wp\/v2\/media?parent=468"}],"wp:term":[{"taxonomy":"product_brand","embeddable":true,"href":"https:\/\/grandeur-authentique.com\/fr\/wp-json\/wp\/v2\/product_brand?post=468"},{"taxonomy":"product_cat","embeddable":true,"href":"https:\/\/grandeur-authentique.com\/fr\/wp-json\/wp\/v2\/product_cat?post=468"},{"taxonomy":"product_tag","embeddable":true,"href":"https:\/\/grandeur-authentique.com\/fr\/wp-json\/wp\/v2\/product_tag?post=468"}],"curies":[{"name":"wp","href":"https:\/\/api.w.org\/{rel}","templated":true}]}}